{"id":1018,"date":"2025-08-14T06:06:51","date_gmt":"2025-08-14T06:06:51","guid":{"rendered":"https:\/\/arbori.tandem.ws\/?page_id=1018"},"modified":"2025-09-26T06:23:07","modified_gmt":"2025-09-26T06:23:07","slug":"impressum","status":"publish","type":"page","link":"https:\/\/arbori.net\/de\/avis-legal\/","title":{"rendered":"Rechtliche Hinweise"},"content":{"rendered":"<div class=\"gb-element-79b94631\">\n<h2 class=\"gb-text\">Rechtliche Hinweise<\/h2>\n\n\n\n<p class=\"gb-text\">Rechtliche Hinweise<br>GESETZ \u00dcBER DIENSTE DER INFORMATIONSGESELLSCHAFT (LSSI)<br>ERIC AMAYA CALDAS, Verantwortlicher f\u00fcr die Website, im Folgenden VERANTWORTLICHER, stellt den Benutzern dieses Dokument zur Verf\u00fcgung, mit dem er die im Gesetz 34\/2002 vom 11. Juli \u00fcber Dienste der Informationsgesellschaft und elektronischen Handel (LSSICE) festgelegten Verpflichtungen erf\u00fcllen und alle Benutzer der Website \u00fcber die Nutzungsbedingungen informieren m\u00f6chte.<br>Jede Person, die auf diese Website zugreift, \u00fcbernimmt die Rolle des Benutzers und verpflichtet sich zur strikten Beachtung und Einhaltung der hierin dargelegten Bestimmungen sowie aller anderen geltenden gesetzlichen Bestimmungen.<br>IDENTIFIZIERUNGSDATEN<br>Handelsname: ERIC AMAYA CALDAS<br>Umsatzsteuer-Identifikationsnummer: 41553366W<br>Eingetragener Sitz: Carrer Sant Pere, 73, 17200 Palafrugell, Girona.<br>Telefon: 623061816<br>E-Mail: info@arbori.net<br>OBJEKT<br>\u00dcber die Website bieten wir Benutzern die M\u00f6glichkeit, auf Informationen zu unseren Diensten zuzugreifen.<br>DATENSCHUTZ UND DATENVERARBEITUNG<br>Wenn f\u00fcr den Zugriff auf bestimmte Inhalte oder Dienste die Angabe personenbezogener Daten erforderlich ist, garantiert der Benutzer deren Richtigkeit, Genauigkeit, Authentizit\u00e4t und G\u00fcltigkeit. Das Unternehmen wird diese Daten je nach Art und Zweck gem\u00e4\u00df den im Abschnitt \u201eDatenschutzrichtlinie\u201c angegebenen Bedingungen automatisiert verarbeiten.<br>GEWERBLICHES UND GEISTIGES EIGENTUM<br>Der Nutzer erkennt an und akzeptiert, dass alle im Webspace angezeigten Inhalte, insbesondere Designs, Texte, Bilder, Logos, Symbole, Schaltfl\u00e4chen, Software, Handelsnamen, Marken oder andere Zeichen, die industriell und\/oder kommerziell genutzt werden k\u00f6nnen, den Rechten des geistigen Eigentums unterliegen und dass alle Marken, Handelsnamen oder Unterscheidungszeichen, alle gewerblichen und geistigen Eigentumsrechte an den Inhalten und\/oder anderen auf der Seite eingef\u00fcgten Elementen das ausschlie\u00dfliche Eigentum des Unternehmens und\/oder Dritter sind, die das ausschlie\u00dfliche Recht haben, sie im wirtschaftlichen Verkehr zu verwenden. Der Nutzer verpflichtet sich daher, diese Inhalte nicht zu reproduzieren, zu kopieren, zu verbreiten, bereitzustellen oder auf andere Weise \u00f6ffentlich zu kommunizieren, umzuwandeln oder zu modifizieren und stellt das Unternehmen von jeglichen Anspr\u00fcchen frei, die sich aus der Verletzung dieser Verpflichtungen ergeben. Der Zugriff auf den Webspace impliziert in keinem Fall einen Verzicht, eine \u00dcbertragung, eine Lizenz oder eine vollst\u00e4ndige oder teilweise Abtretung dieser Rechte, sofern nicht ausdr\u00fccklich etwas anderes festgelegt ist. Diese Allgemeinen Nutzungsbedingungen des Webspace gew\u00e4hren den Nutzern keine anderen Rechte zur Nutzung, \u00c4nderung, Verwertung, Vervielf\u00e4ltigung, Verbreitung oder \u00f6ffentlichen Wiedergabe des Webspace und\/oder seiner Inhalte als die hierin ausdr\u00fccklich vorgesehenen. Jede andere Nutzung oder Verwertung von Rechten bedarf der vorherigen und ausdr\u00fccklichen Genehmigung des Unternehmens oder des Drittinhabers der betreffenden Rechte. Die Inhalte, Texte, Fotos, Designs, Logos, Bilder, Computerprogramme, Quellcodes und generell jegliche geistige Sch\u00f6pfung in diesem Webspace sowie der Webspace selbst als Ganzes als multimediales k\u00fcnstlerisches Werk sind durch die Gesetzgebung zum geistigen Eigentum urheberrechtlich gesch\u00fctzt. Das Unternehmen ist Eigent\u00fcmer der Elemente, aus denen das grafische Design des Webspace besteht, der Men\u00fcs, Navigationsschaltfl\u00e4chen, des HTML-Codes, der Texte, Bilder, Texturen, Grafiken und aller anderen Inhalte des Webspace oder verf\u00fcgt in jedem Fall \u00fcber die entsprechende Genehmigung zur Nutzung dieser Elemente. Die im Webspace bereitgestellten Inhalte d\u00fcrfen ohne vorherige schriftliche Genehmigung des oben genannten Unternehmens weder ganz noch teilweise reproduziert, \u00fcbertragen oder von einem Informationsabrufsystem in irgendeiner Form oder mit irgendwelchen Mitteln aufgezeichnet werden. Es ist ebenfalls verboten, das \u201eUrheberrecht\u201c sowie die technischen Schutzvorrichtungen oder jegliche Informationsmechanismen, die die Inhalte enthalten k\u00f6nnen, zu l\u00f6schen, zu umgehen und\/oder zu manipulieren. Der Benutzer dieser Website verpflichtet sich, die genannten Rechte zu respektieren und jegliche Handlungen zu vermeiden, die diese verletzen k\u00f6nnten. In jedem Fall beh\u00e4lt sich das Unternehmen das Recht vor, alle rechtlichen Mittel oder Ma\u00dfnahmen zu ergreifen, die ihm zur Verteidigung seiner legitimen Rechte an geistigem und gewerblichem Eigentum zustehen.<br>PFLICHTEN UND VERANTWORTLICHKEITEN DES BENUTZERS DES WEBSPACES<br>Der Benutzer verpflichtet sich:<br>Nutzen Sie den Webspace sowie die Inhalte und Dienste angemessen und rechtm\u00e4\u00dfig und in \u00dcbereinstimmung mit: (i) der jeweils geltenden Gesetzgebung; (ii) den Allgemeinen Nutzungsbedingungen des Webspace; (iii) der allgemein anerkannten Moral und guten Sitten und (iv) der \u00f6ffentlichen Ordnung.<br>Sorgen Sie f\u00fcr alle notwendigen Mittel und technischen Voraussetzungen, um auf den Webspace zugreifen zu k\u00f6nnen.<br>Geben Sie beim Ausf\u00fcllen der im Webspace enthaltenen Formulare mit Ihren pers\u00f6nlichen Daten wahrheitsgem\u00e4\u00dfe Informationen an und halten Sie diese stets auf dem neuesten Stand, damit sie jederzeit der tats\u00e4chlichen Situation des Benutzers entsprechen. Der Benutzer tr\u00e4gt die alleinige Verantwortung f\u00fcr falsche oder ungenaue Angaben sowie f\u00fcr Sch\u00e4den, die dem Unternehmen oder Dritten durch die bereitgestellten Informationen entstehen.<br>Wie im vorherigen Abschnitt festgelegt, muss der Benutzer jedoch auch Folgendes unterlassen:<br>Den Webspace und\/oder die Inhalte unbefugt oder in betr\u00fcgerischer Absicht f\u00fcr illegale Zwecke oder Wirkungen zu nutzen, die in diesen Allgemeinen Nutzungsbedingungen verboten sind, die Rechte und Interessen Dritter verletzen oder die in irgendeiner Weise die normale Nutzung der Dienste oder Dokumente, Dateien und Inhalte aller Art, die auf Computerger\u00e4ten gespeichert sind, besch\u00e4digen, deaktivieren, \u00fcberlasten, beeintr\u00e4chtigen oder verhindern k\u00f6nnen.<br>Zugriff auf eingeschr\u00e4nkte Ressourcen oder Bereiche des Webspace oder der Versuch des Zugriffs darauf, ohne die f\u00fcr einen solchen Zugriff erforderlichen Bedingungen zu erf\u00fcllen.<br>Sch\u00e4den an den physischen oder logischen Systemen des Webspace, seiner Lieferanten oder Dritter verursachen.<br>Computerviren oder andere physische oder logische Systeme im Netzwerk einf\u00fchren oder verbreiten, die wahrscheinlich Sch\u00e4den an den physischen oder logischen Systemen des Unternehmens, der Lieferanten oder Dritter verursachen.<br>Versuchen, auf die Daten des Unternehmens, von Drittanbietern und anderen Benutzern zuzugreifen, diese zu verwenden und\/oder zu manipulieren.<br>Die Inhalte d\u00fcrfen nicht reproduziert oder kopiert, verbreitet, \u00f6ffentlich zug\u00e4nglich gemacht oder durch \u00f6ffentliche Kommunikation in irgendeiner Form umgewandelt oder ver\u00e4ndert werden, es sei denn, Sie verf\u00fcgen \u00fcber die Genehmigung des Inhabers der entsprechenden Rechte oder dies ist gesetzlich zul\u00e4ssig.<br>Hinweise auf geistige oder gewerbliche Eigentumsrechte und andere identifizierende Daten der Rechte des Unternehmens oder Dritter, die in den Inhalten enthalten sind, sowie technische Schutzvorrichtungen oder jegliche Informationsmechanismen, die in den Inhalten eingef\u00fcgt sein k\u00f6nnen, zu l\u00f6schen, zu verbergen oder zu manipulieren.<br>Die Inhalte mit anderen Mitteln oder Verfahren zu beschaffen oder zu beschaffen versuchen als denen, die Ihnen je nach Fall zu diesem Zweck zur Verf\u00fcgung gestellt wurden oder auf den Webseiten, auf denen sich die Inhalte befinden, ausdr\u00fccklich angegeben sind oder allgemein mit denen, die im Internet \u00fcblicherweise verwendet werden, um nicht das Risiko einer Besch\u00e4digung oder Unbrauchbarkeit des Webspace und\/oder der Inhalte einzugehen.<br>Insbesondere und nur zur Veranschaulichung und nicht abschlie\u00dfend verpflichtet sich der Benutzer, keine Informationen, Daten, Inhalte, Nachrichten, Grafiken, Zeichnungen, Ton- und\/oder Bilddateien, Fotos, Aufzeichnungen, Software und im Allgemeinen jegliche Art von Material zu \u00fcbermitteln, zu verbreiten oder an Dritte weiterzugeben, zu verbreiten oder bereitzustellen, das: in irgendeiner Weise den in der Verfassung, in internationalen Vertr\u00e4gen und in der \u00fcbrigen geltenden Gesetzgebung anerkannten Grundrechten und \u00f6ffentlichen Freiheiten zuwiderl\u00e4uft, diese herabw\u00fcrdigt oder verletzt.<br>Zu kriminellen, verunglimpfenden, diffamierenden oder gewaltt\u00e4tigen Handlungen oder allgemein zu Handlungen, die gegen das Gesetz, die Moral, die allgemein anerkannten guten Sitten oder die \u00f6ffentliche Ordnung versto\u00dfen, anstiften oder diese f\u00f6rdern.<br>Diskriminierende Handlungen, Einstellungen oder Gedanken aufgrund von Geschlecht, Rasse, Religion, Glauben, Alter oder Zustand herbeif\u00fchren, anstiften oder f\u00f6rdern.<br>Produkte, Elemente, Nachrichten und\/oder Dienste enthalten, bereitstellen oder den Zugriff darauf erm\u00f6glichen, die kriminell, gewaltt\u00e4tig, beleidigend, sch\u00e4dlich, erniedrigend oder im Allgemeinen gegen das Gesetz, die Moral und die allgemein anerkannten guten Sitten oder die \u00f6ffentliche Ordnung versto\u00dfen. Einen inakzeptablen Zustand der Angst oder Furcht hervorrufen oder hervorrufen k\u00f6nnen.<br>Verleitet oder stiftet dazu an, Praktiken auszu\u00fcben, die gef\u00e4hrlich, riskant oder sch\u00e4dlich f\u00fcr die Gesundheit und das geistige Gleichgewicht sind.<br>Es ist durch Gesetze zum geistigen oder gewerblichen Schutz des Unternehmens oder Dritter gesch\u00fctzt, ohne dass die beabsichtigte Verwendung genehmigt wurde.<br>Es verst\u00f6\u00dft gegen die Ehre, die pers\u00f6nliche und famili\u00e4re Privatsph\u00e4re oder das Selbstbild der Menschen.<br>Es handelt sich um Werbung jeglicher Art.<br>Enth\u00e4lt jegliche Art von Viren oder Programmen, die die normale Funktion des Webspace verhindern.<br>Wenn Sie f\u00fcr den Zugriff auf bestimmte Dienste und\/oder Inhalte des Webspace ein Passwort erhalten, sind Sie verpflichtet, dieses sorgf\u00e4ltig zu verwenden und stets geheim zu halten. Sie sind daher f\u00fcr dessen ordnungsgem\u00e4\u00dfe Aufbewahrung und Vertraulichkeit verantwortlich und verpflichten sich, es weder vor\u00fcbergehend noch dauerhaft an Dritte weiterzugeben und Unbefugten den Zugriff auf die genannten Dienste und\/oder Inhalte zu erm\u00f6glichen. Sie sind au\u00dferdem verpflichtet, das Unternehmen \u00fcber alle Ereignisse zu informieren, die auf eine missbr\u00e4uchliche Verwendung Ihres Passworts hindeuten, wie z. B. Diebstahl, Verlust oder unbefugten Zugriff, damit dieses umgehend gel\u00f6scht werden kann. Bis zu dieser Benachrichtigung ist das Unternehmen daher von jeglicher Haftung befreit, die sich aus der missbr\u00e4uchlichen Verwendung Ihres Passworts ergeben kann. Das Unternehmen haftet f\u00fcr jede unrechtm\u00e4\u00dfige Nutzung der Inhalte und\/oder Dienste des Webspace durch unberechtigte Dritte. Sollten Sie fahrl\u00e4ssig oder vors\u00e4tzlich gegen eine der in diesen Allgemeinen Nutzungsbedingungen festgelegten Verpflichtungen versto\u00dfen, haften Sie f\u00fcr alle Sch\u00e4den und Verluste, die dem Unternehmen aus diesem Versto\u00df entstehen k\u00f6nnen.<br>VERANTWORTLICHKEITEN<br>Der kontinuierliche Zugriff kann nicht garantiert werden, ebenso wenig wie die korrekte Visualisierung, der Download oder die N\u00fctzlichkeit der auf der Website enthaltenen Elemente und Informationen. Diese k\u00f6nnen durch Faktoren oder Umst\u00e4nde au\u00dferhalb der Kontrolle der Website verhindert, behindert oder unterbrochen werden.<br>Der Dienst kann unterbrochen oder die Beziehung zum Benutzer sofort beendet werden, wenn festgestellt wird, dass die Nutzung der Website oder der dort angebotenen Dienste diesen Allgemeinen Nutzungsbedingungen zuwiderl\u00e4uft.<br>Wir sind lediglich daf\u00fcr verantwortlich, die Inhalte, die solche Sch\u00e4den verursachen k\u00f6nnen, so schnell wie m\u00f6glich zu entfernen, sofern wir dar\u00fcber informiert werden. Insbesondere haften wir nicht f\u00fcr Sch\u00e4den, die unter anderem aus Folgendem entstehen k\u00f6nnen:<br>St\u00f6rungen, Unterbrechungen, Ausf\u00e4lle, Auslassungen, Telefonausf\u00e4lle, Verz\u00f6gerungen, Blockaden oder Unterbrechungen im Betrieb des elektronischen Systems, die durch M\u00e4ngel, \u00dcberlastungen und Fehler in Telekommunikationsleitungen und -netzen oder durch andere Ursachen au\u00dferhalb der Kontrolle des Unternehmens verursacht werden.<br>unrechtm\u00e4\u00dfige Eingriffe durch die Verwendung von Schadprogrammen jeglicher Art und durch jegliche Kommunikationsmittel, wie Computerviren oder andere.<br>Unangemessener oder unangemessener Missbrauch des Webspace.<br>Sicherheits- oder Navigationsfehler, die durch eine Fehlfunktion des Browsers oder durch die Verwendung nicht aktualisierter Versionen desselben verursacht werden. Die Administratoren des Unternehmens behalten sich das Recht vor, alle im Webspace vorhandenen Inhalte oder Informationen ganz oder teilweise zu entfernen.<br>Das Unternehmen schlie\u00dft jegliche Haftung f\u00fcr Sch\u00e4den jeglicher Art aus, die durch den Missbrauch der von den Nutzern des Webspace kostenlos verf\u00fcgbaren und genutzten Dienste entstehen k\u00f6nnen. Es ist auch von jeglicher Haftung f\u00fcr Inhalte und Informationen befreit, die \u00fcber die Datenerfassungsformulare erhalten werden k\u00f6nnen, da diese ausschlie\u00dflich der Bereitstellung von Beratungs- und Zweifelsdiensten dienen. Im Falle von Sch\u00e4den durch eine rechtswidrige oder unsachgem\u00e4\u00dfe Nutzung dieser Dienste kann der Nutzer hingegen f\u00fcr die entstandenen Sch\u00e4den haftbar gemacht werden.<br>Ebenso verpflichten Sie sich, uns von allen Sch\u00e4den und Verlusten freizustellen, die durch Ihre Verwendung von \u201eRobots\u201c, \u201eSpidern\u201c, \u201eCrawlern\u201c oder \u00e4hnlichen Tools zum Sammeln oder Extrahieren von Daten oder durch andere Handlungen Ihrerseits entstehen, die den Betrieb des Webspace unangemessen belasten.<br>LINKS<br>Der Benutzer verpflichtet sich, den Webspace und dessen Inhalte in keiner Weise, auch nicht \u00fcber einen Link oder Hyperlink, zu reproduzieren, es sei denn, er hat hierzu eine ausdr\u00fcckliche schriftliche Genehmigung der f\u00fcr die Datei verantwortlichen Person.<br>Die Website kann Links zu anderen Websites enthalten, die von Dritten verwaltet werden, um dem Benutzer den Zugriff auf Informationen von Partner- und\/oder Sponsorunternehmen zu erleichtern. Dementsprechend ist das Unternehmen weder f\u00fcr den Inhalt dieser Websites verantwortlich noch \u00fcbernimmt es die Funktion eines Garanten und\/oder Anbieters der Dienste und\/oder Informationen, die Dritten \u00fcber Links von Dritten angeboten werden k\u00f6nnen.<br>Dem Benutzer wird ein begrenztes, widerrufliches und nicht ausschlie\u00dfliches Recht einger\u00e4umt, Links zur Hauptseite des Webspace ausschlie\u00dflich f\u00fcr den privaten und nicht kommerziellen Gebrauch zu erstellen. Die Webspaces, die einen Link zu unserem Webspace enthalten, (i) d\u00fcrfen ihre Beziehung nicht falsch darstellen oder behaupten, dass ein solcher Link autorisiert wurde, noch Marken, Bezeichnungen, Handelsnamen, Logos oder andere Erkennungszeichen unseres Unternehmens enthalten; (ii) d\u00fcrfen keine Inhalte enthalten, die als geschmacklos, obsz\u00f6n, beleidigend, umstritten, zu Gewalt oder Diskriminierung aufgrund des Geschlechts, der Rasse oder der Religion aufrufend, gegen die \u00f6ffentliche Ordnung versto\u00dfend oder rechtswidrig angesehen werden k\u00f6nnen; (iii) d\u00fcrfen nicht auf andere Seiten des Webspace als die Hauptseite verlinken; (iv) m\u00fcssen auf die eigene Adresse des Webspace verlinken, ohne dass es dem Webspace, der den Link erstellt, gestattet ist, den Webspace als Teil seiner Website oder innerhalb eines seiner \u201eFrames\u201c zu reproduzieren oder einen \u201eBrowser\u201c auf einer der Seiten des Webspace zu erstellen. Das Unternehmen kann jederzeit die Entfernung eines Links zum Webspace verlangen und ist anschlie\u00dfend verpflichtet, die Entfernung unverz\u00fcglich vorzunehmen.<br>Das Unternehmen hat keine Kontrolle \u00fcber die Informationen, Inhalte, Produkte oder Dienste, die von anderen Webspaces bereitgestellt werden, die Links zum Webspace eingerichtet haben.<br>DATENSCHUTZ<br>Um einige der Dienste nutzen zu k\u00f6nnen, muss der Benutzer zuvor bestimmte personenbezogene Daten angeben. Das Unternehmen verarbeitet diese Daten automatisch und wendet die entsprechenden Sicherheitsma\u00dfnahmen an, alles in \u00dcbereinstimmung mit der DSGVO. Der Benutzer kann auf die Richtlinien zur Verarbeitung personenbezogener Daten sowie auf die Festlegung der zuvor festgelegten Zwecke gem\u00e4\u00df den in der Datenschutzrichtlinie festgelegten Bedingungen zugreifen.<br>KEKSE<br>Das Unternehmen beh\u00e4lt sich das Recht vor, im Webspace die \u201eCookie\u201c-Technologie zu verwenden, um Sie als h\u00e4ufigen Benutzer zu erkennen und Ihre Nutzung des Webspace durch Vorauswahl Ihrer Sprache oder gew\u00fcnschter oder spezifischer Inhalte zu personalisieren.<br>Cookies erfassen die IP-Adresse des Benutzers, wobei Google f\u00fcr die Verarbeitung dieser Informationen verantwortlich ist.<br>Cookies sind Dateien, die \u00fcber einen Webserver an einen Browser gesendet werden, um die Navigation des Benutzers im Webspace aufzuzeichnen, sofern dieser den Empfang von Cookies zul\u00e4sst. Sie k\u00f6nnen Ihren Browser so konfigurieren, dass Sie \u00fcber den Empfang von Cookies informiert werden und die Installation von Cookies auf Ihrer Festplatte verhindern. Weitere Informationen finden Sie in den Anweisungen und Handb\u00fcchern Ihres Browsers.<br>Dank Cookies ist es m\u00f6glich, den vom Benutzer verwendeten Computerbrowser zu erkennen, um Inhalte bereitzustellen und die Browser- oder Werbepr\u00e4ferenzen des Benutzers anzubieten, demografische Profile der Benutzer zu erstellen sowie Besuche und Verkehrsparameter zu messen und den Fortschritt und die Anzahl der Eintr\u00e4ge zu kontrollieren.<br>ZUSICHERUNGEN UND GARANTIEN<br>Die auf der Website angebotenen Inhalte und Dienste dienen grunds\u00e4tzlich nur informativen Zwecken. Daher werden bei der Bereitstellung keinerlei Garantien oder Zusicherungen hinsichtlich der auf der Website angebotenen Inhalte und Dienste gegeben, insbesondere keine Garantien hinsichtlich der Rechtm\u00e4\u00dfigkeit, Zuverl\u00e4ssigkeit, N\u00fctzlichkeit, Wahrhaftigkeit, Genauigkeit oder Handels\u00fcblichkeit, es sei denn, solche Zusicherungen und Zusicherungen k\u00f6nnen gesetzlich nicht ausgeschlossen werden.<br>H\u00d6HERE GEWALT<br>Das Unternehmen haftet in keinem Fall f\u00fcr die Unm\u00f6glichkeit der Leistungserbringung, wenn diese auf l\u00e4ngere Unterbrechungen der Stromversorgung, der Telekommunikationsleitungen, soziale Konflikte, Streiks, Aufst\u00e4nde, Explosionen, \u00dcberschwemmungen, Handlungen und Unterlassungen der Regierung und im Allgemeinen auf alle F\u00e4lle h\u00f6herer Gewalt oder zuf\u00e4lliger Ereignisse zur\u00fcckzuf\u00fchren ist.<br>STREITBEILEGUNG. ANWENDBARES RECHT UND GERICHTSSTAND<br>Diese Allgemeinen Nutzungsbedingungen sowie die Nutzung des Webspace unterliegen der spanischen Gesetzgebung.<br>Sollte eine Bestimmung dieser Allgemeinen Nutzungsbedingungen nach geltendem Recht oder aufgrund einer gerichtlichen oder beh\u00f6rdlichen Entscheidung nicht durchsetzbar oder nichtig sein, so f\u00fchrt dies nicht zur Nichtigkeit oder Nichtigkeit der Allgemeinen Nutzungsbedingungen insgesamt. In diesem Fall wird das Unternehmen die betreffende Bestimmung \u00e4ndern oder durch eine andere ersetzen, die g\u00fcltig und durchsetzbar ist und dem Zweck und der Absicht der urspr\u00fcnglichen Bestimmung so weit wie m\u00f6glich entspricht.<\/p>\n<\/div>","protected":false},"excerpt":{"rendered":"<p>Av\u00eds legal Av\u00eds LegalLLEI DELS SERVEIS DE LA SOCIETAT DE LA INFORMACI\u00d3 (LSSI)ERIC AMAYA CALDAS , responsable del lloc web, d&#8217;ara endavant RESPONSABLE, posa a la disposici\u00f3 dels usuaris el present document, amb el qual pret\u00e9n donar compliment a les obligacions disposades en la Llei 34\/2002, d&#8217;11 de juliol, de Serveis de la Societat de &#8230; <a title=\"Rechtliche Hinweise\" class=\"read-more\" href=\"https:\/\/arbori.net\/de\/avis-legal\/\" aria-label=\"Mehr Informationen \u00fcber Av\u00eds legal\">Weiterlesen<\/a><\/p>","protected":false},"author":1,"featured_media":0,"parent":0,"menu_order":0,"comment_status":"closed","ping_status":"closed","template":"","meta":{"_acf_changed":false,"footnotes":""},"class_list":["post-1018","page","type-page","status-publish"],"acf":[],"_links":{"self":[{"href":"https:\/\/arbori.net\/de\/wp-json\/wp\/v2\/pages\/1018","targetHints":{"allow":["GET"]}}],"collection":[{"href":"https:\/\/arbori.net\/de\/wp-json\/wp\/v2\/pages"}],"about":[{"href":"https:\/\/arbori.net\/de\/wp-json\/wp\/v2\/types\/page"}],"author":[{"embeddable":true,"href":"https:\/\/arbori.net\/de\/wp-json\/wp\/v2\/users\/1"}],"replies":[{"embeddable":true,"href":"https:\/\/arbori.net\/de\/wp-json\/wp\/v2\/comments?post=1018"}],"version-history":[{"count":5,"href":"https:\/\/arbori.net\/de\/wp-json\/wp\/v2\/pages\/1018\/revisions"}],"predecessor-version":[{"id":1365,"href":"https:\/\/arbori.net\/de\/wp-json\/wp\/v2\/pages\/1018\/revisions\/1365"}],"wp:attachment":[{"href":"https:\/\/arbori.net\/de\/wp-json\/wp\/v2\/media?parent=1018"}],"curies":[{"name":"wp","href":"https:\/\/api.w.org\/{rel}","templated":true}]}}