{"id":1022,"date":"2025-08-14T06:09:42","date_gmt":"2025-08-14T06:09:42","guid":{"rendered":"https:\/\/arbori.tandem.ws\/?page_id=1022"},"modified":"2025-09-26T06:25:01","modified_gmt":"2025-09-26T06:25:01","slug":"datenschutzrichtlinie","status":"publish","type":"page","link":"https:\/\/arbori.net\/de\/politica-de-privacitat\/","title":{"rendered":"Datenschutzrichtlinie"},"content":{"rendered":"<div class=\"gb-element-b6855bdd\">\n<h2 class=\"gb-text\">Datenschutzrichtlinie<\/h2>\n\n\n\n<p class=\"gb-text\">INFORMATIONEN F\u00dcR DEN BENUTZER<br>ERIC AMAYA CALDAS informiert Sie als Datenverantwortlicher dar\u00fcber, dass wir Ihre Daten gem\u00e4\u00df den Bestimmungen der Verordnung (EU) 2016\/679 vom 27. April 2016 zum Schutz personenbezogener Daten (RGPD) wie in dieser Datenschutzrichtlinie beschrieben verarbeiten.<br>In dieser Datenschutzrichtlinie beschreiben wir, wie und warum wir Ihre personenbezogenen Daten erfassen, was wir damit machen, mit wem wir sie teilen, wie wir sie sch\u00fctzen und welche M\u00f6glichkeiten Sie hinsichtlich der Verarbeitung Ihrer personenbezogenen Daten haben.<br>Diese Richtlinie gilt f\u00fcr die Verarbeitung Ihrer personenbezogenen Daten, die das Unternehmen zur Erbringung seiner Dienstleistungen erhebt. Wenn Sie die Ma\u00dfnahmen dieser Richtlinie akzeptieren, stimmen Sie zu, dass wir Ihre personenbezogenen Daten wie in dieser Richtlinie definiert verarbeiten.<br>KONTAKT<br>Handelsname: ERIC AMAYA CALDAS<br>Umsatzsteuer-Identifikationsnummer: 41553366W<br>Eingetragener Sitz: Carrer Sant Pere, 73, 17200 Palafrugell, Girona.<br>Telefon: 623061816<br>E-Mail: info@arbori.net<br>WICHTIGE GRUNDS\u00c4TZE<br>Wir legen seit jeher Wert auf h\u00f6chste Qualit\u00e4t unserer Dienstleistungen. Dazu geh\u00f6rt auch der sichere und transparente Umgang mit Ihren Daten. Unsere Grunds\u00e4tze sind:<br>Rechtm\u00e4\u00dfigkeit: Wir erfassen Ihre personenbezogenen Daten nur f\u00fcr bestimmte, eindeutige und rechtm\u00e4\u00dfige Zwecke.<br>Datenminimierung: Wir beschr\u00e4nken die Erhebung personenbezogener Daten auf das, was f\u00fcr die Zwecke, f\u00fcr die sie erhoben wurden, unbedingt relevant und notwendig ist.<br>Zweckbindung: Wir erheben Ihre personenbezogenen Daten nur zu den angegebenen Zwecken und nur entsprechend Ihren W\u00fcnschen.<br>Richtigkeit: Wir sorgen daf\u00fcr, dass Ihre personenbezogenen Daten richtig und aktuell sind.<br>Datensicherheit: Wir wenden angemessene technische und organisatorische Ma\u00dfnahmen an, die den Risiken angemessen sind, um sicherzustellen, dass Ihre Daten keinen Schaden erleiden, wie etwa durch unbefugte Offenlegung oder Zugriff, versehentliche oder unrechtm\u00e4\u00dfige Zerst\u00f6rung oder versehentlichen Verlust oder Ver\u00e4nderung und jede andere Form der unrechtm\u00e4\u00dfigen Verarbeitung.<br>Zugriff und Berichtigung: Wir bieten Ihnen die M\u00f6glichkeit, auf Ihre Daten zuzugreifen oder sie zu berichtigen, wenn Sie dies f\u00fcr angebracht halten.<br>Aufbewahrung: Wir bewahren Ihre personenbezogenen Daten rechtm\u00e4\u00dfig und angemessen und nur so lange auf, wie es f\u00fcr die Zwecke, f\u00fcr die sie erhoben wurden, erforderlich ist.<br>Internationale \u00dcbermittlungen: Falls Ihre Daten au\u00dferhalb der EU\/des EWR \u00fcbermittelt werden, werden sie angemessen gesch\u00fctzt.<br>Dritte: Der Zugriff auf und die \u00dcbermittlung personenbezogener Daten an Dritte erfolgen gem\u00e4\u00df den geltenden Gesetzen und Vorschriften sowie mit entsprechenden vertraglichen Garantien.<br>Direktmarketing und Cookies: Wir halten uns an die geltenden Gesetze in Bezug auf Werbung und Cookies.<br>Erhebung und Verarbeitung Ihrer personenbezogenen Daten<br>Die Arten von Daten, die angefordert und verarbeitet werden, sind:<br>Daten zur Identifizierung, pers\u00f6nliche Merkmale und soziale Umst\u00e4nde.<br>Gegebenenfalls Wirtschaftsdaten.<br>Wir erfassen au\u00dferdem automatisch Daten \u00fcber Ihren Besuch auf unserer Website, wie im Abschnitt \u201eVerwendung von Cookies\u201c weiter unten beschrieben.<br>Wenn wir Ihre personenbezogenen Daten anfordern, informieren wir Sie klar und deutlich dar\u00fcber, welche personenbezogenen Daten wir zu welchem Zweck erheben. Im Allgemeinen erheben und verarbeiten wir Ihre personenbezogenen Daten zu folgenden Zwecken:<br>Bereitstellung von Informationen zu unseren Produkten und Dienstleistungen.<br>Bereitstellung unserer Dienste.<br>Beantworten Sie Ihre Anfragen und W\u00fcnsche.<br>LEGITIMIT\u00c4T<br>Gem\u00e4\u00df den geltenden Datenschutzbestimmungen k\u00f6nnen Ihre personenbezogenen Daten verarbeitet werden, wenn:<br>Sie haben uns Ihre Einwilligung zu den Zwecken der Datenverarbeitung erteilt. Selbstverst\u00e4ndlich k\u00f6nnen Sie Ihre Einwilligung jederzeit widerrufen.<br>Es ist f\u00fcr die Bereitstellung unserer Dienste im Rahmen einer Vertragsbeziehung zwischen Ihnen und uns erforderlich.<br>Mit dieser Verarbeitung verfolgen wir ein berechtigtes Interesse, das nicht durch Ihre Datenschutzrechte au\u00dfer Kraft gesetzt wird. Dieses berechtigte Interesse wird Ihnen in der Datenschutzerkl\u00e4rung zu dieser speziellen Verarbeitung ordnungsgem\u00e4\u00df mitgeteilt.<br>Es ist gesetzlich vorgeschrieben.<br>IHRE RECHTE<br>Im Zusammenhang mit der Erhebung und Verarbeitung Ihrer personenbezogenen Daten k\u00f6nnen Sie sich jederzeit an uns wenden, um:<br>Informieren Sie sich, ob wir Ihre personenbezogenen Daten verarbeiten.<br>Zugriff auf Ihre personenbezogenen Daten und alle anderen in Artikel 15.1 der DSGVO angegebenen Informationen.<br>Berichtigung Ihrer personenbezogenen Daten, die unrichtig oder unvollst\u00e4ndig sind, gem\u00e4\u00df Artikel 16 der DSGVO.<br>L\u00f6schung Ihrer personenbezogenen Daten gem\u00e4\u00df Artikel 17 DSGVO.<br>Einschr\u00e4nkung der Verarbeitung Ihrer personenbezogenen Daten gem\u00e4\u00df Artikel 18 DSGVO.<br>Fordern Sie die Portabilit\u00e4t Ihrer Daten gem\u00e4\u00df Artikel 20 der DSGVO an.<br>Widerspruch gegen die Verarbeitung Ihrer personenbezogenen Daten gem\u00e4\u00df Artikel 21 DSGVO.<br>Wenn Sie Ihre Einwilligung f\u00fcr einen bestimmten Zweck erteilt haben, haben Sie das Recht, diese jederzeit zu widerrufen, ohne dass die Rechtm\u00e4\u00dfigkeit der aufgrund der Einwilligung bis zum Widerruf erfolgten Verarbeitung ber\u00fchrt wird. Um Ihre Rechte auszu\u00fcben, k\u00f6nnen Sie uns eine Mitteilung an info@arbori.net senden.<br>RECHTLICHE INFORMATIONEN<br>Die Anforderungen dieser Richtlinie erg\u00e4nzen und ersetzen keine anderen Anforderungen des geltenden Datenschutzrechts, das in jedem Fall Vorrang hat.<br>Diese Richtlinie unterliegt regelm\u00e4\u00dfigen \u00dcberpr\u00fcfungen und kann vom Unternehmen jederzeit ge\u00e4ndert werden. In diesem Fall informieren wir Sie \u00fcber etwaige \u00c4nderungen und bitten Sie, die neueste Version unserer Richtlinie erneut zu lesen und Ihre Zustimmung zu best\u00e4tigen.<br>INTERESSANTE INFORMATIONEN<br>Wenn Sie auf unsere Antragsformulare zugreifen m\u00f6chten oder m\u00fcssen, kontaktieren Sie uns einfach per E-Mail unter info@arbori.net und wir geben Ihnen ausf\u00fchrliche Informationen.<br>Wenn Sie eine Beschwerde jeglicher Art einreichen m\u00f6chten, senden Sie uns bitte eine E-Mail an dieselbe Adresse: info@arbori.net, damit wir diese schnellstm\u00f6glich bearbeiten k\u00f6nnen.<\/p>\n<\/div>","protected":false},"excerpt":{"rendered":"<p>Pol\u00edtica de privacitat INFORMACI\u00d3 A L&#8217;USUARIERIC AMAYA CALDAS, com a Responsable del Tractament l&#8217;informa que, segons el que es disposa en el Reglament (UE) 2016\/679, de 27 d&#8217;abril de 2016, de protecci\u00f3 de dades personals (RGPD), tractarem la seva dades tal com reflectim en la present Pol\u00edtica de Privacitat.En aquesta Pol\u00edtica de Privacitat descrivim com &#8230; <a title=\"Datenschutzrichtlinie\" class=\"read-more\" href=\"https:\/\/arbori.net\/de\/politica-de-privacitat\/\" aria-label=\"Mehr Informationen \u00fcber Pol\u00edtica de privacitat\">Weiterlesen<\/a><\/p>","protected":false},"author":1,"featured_media":0,"parent":0,"menu_order":0,"comment_status":"closed","ping_status":"closed","template":"","meta":{"_acf_changed":false,"footnotes":""},"class_list":["post-1022","page","type-page","status-publish"],"acf":[],"_links":{"self":[{"href":"https:\/\/arbori.net\/de\/wp-json\/wp\/v2\/pages\/1022","targetHints":{"allow":["GET"]}}],"collection":[{"href":"https:\/\/arbori.net\/de\/wp-json\/wp\/v2\/pages"}],"about":[{"href":"https:\/\/arbori.net\/de\/wp-json\/wp\/v2\/types\/page"}],"author":[{"embeddable":true,"href":"https:\/\/arbori.net\/de\/wp-json\/wp\/v2\/users\/1"}],"replies":[{"embeddable":true,"href":"https:\/\/arbori.net\/de\/wp-json\/wp\/v2\/comments?post=1022"}],"version-history":[{"count":3,"href":"https:\/\/arbori.net\/de\/wp-json\/wp\/v2\/pages\/1022\/revisions"}],"predecessor-version":[{"id":1366,"href":"https:\/\/arbori.net\/de\/wp-json\/wp\/v2\/pages\/1022\/revisions\/1366"}],"wp:attachment":[{"href":"https:\/\/arbori.net\/de\/wp-json\/wp\/v2\/media?parent=1022"}],"curies":[{"name":"wp","href":"https:\/\/api.w.org\/{rel}","templated":true}]}}