{"id":1024,"date":"2025-08-14T06:10:13","date_gmt":"2025-08-14T06:10:13","guid":{"rendered":"https:\/\/arbori.tandem.ws\/?page_id=1024"},"modified":"2025-09-26T06:38:02","modified_gmt":"2025-09-26T06:38:02","slug":"cookie-richtlinie","status":"publish","type":"page","link":"https:\/\/arbori.net\/de\/politica-de-galetes\/","title":{"rendered":"Cookie-Richtlinie"},"content":{"rendered":"<div class=\"gb-element-da94cc15\">\n<h2 class=\"gb-text\">Cookie-Richtlinie<\/h2>\n\n\n\n<p class=\"gb-text\">Diese Cookie-Richtlinie wurde zuletzt am 26. September 2025 aktualisiert und gilt f\u00fcr B\u00fcrger und Personen mit st\u00e4ndigem Wohnsitz im Europ\u00e4ischen Wirtschaftsraum und der Schweiz.<br><strong><br>1. Einleitung<\/strong><br>Unsere Website, https:\/\/arbori.net (im Folgenden: \u201edie Website\u201c) verwendet Cookies und \u00e4hnliche Technologien (der Einfachheit halber werden alle Technologien als \u201eCookies\u201c bezeichnet). Cookies werden auch von Drittanbietern gesetzt, mit denen wir Vertr\u00e4ge abgeschlossen haben. Im Folgenden informieren wir Sie \u00fcber die Verwendung von Cookies auf unserer Website.<br><strong><br>2. Was sind Cookies?<\/strong><br>2. Ein Cookie ist eine kleine Datei, die zusammen mit den Seiten dieser Website gesendet und von Ihrem Browser auf der Festplatte Ihres Computers oder eines anderen Ger\u00e4ts gespeichert wird. Die gespeicherten Informationen k\u00f6nnen bei einem sp\u00e4teren Besuch an unsere Server oder die entsprechenden Server von Drittanbietern zur\u00fcckgegeben werden.<br><strong><br>3. Was sind Skripte?<\/strong><br>Ein Skript ist ein Programmcode, der dazu dient, dass unsere Website ordnungsgem\u00e4\u00df und interaktiv funktioniert. Dieser Code wird auf unserem Server oder auf Ihrem Ger\u00e4t ausgef\u00fchrt.<br><br><strong>4. Was ist ein Web Beacon?<\/strong><br>Ein Web Beacon (oder Pixel-Tag) ist ein kleines, unsichtbares Text- oder Bildfragment auf einer Website, das dazu dient, den Verkehr auf der Website zu \u00fcberwachen. Zu diesem Zweck werden mithilfe dieser Web Beacons diverse Daten \u00fcber Sie gespeichert.<br><br><strong>5. Cookies<\/strong><br><strong>5.1 Technische oder funktionelle Cookies<\/strong><br>Einige Cookies stellen sicher, dass bestimmte Teile der Website ordnungsgem\u00e4\u00df funktionieren und Ihre Benutzereinstellungen gespeichert werden. Durch das Setzen funktionaler Cookies erleichtern wir Ihnen den Besuch unserer Website. Auf diese Weise m\u00fcssen Sie bei jedem Besuch unserer Website nicht wiederholt dieselben Informationen eingeben, und beispielsweise bleiben Artikel in Ihrem Warenkorb, bis Sie bezahlt haben. Wir k\u00f6nnen diese Cookies ohne Ihre Zustimmung setzen.<br><br><strong>5.2 Analytische Cookies<\/strong><br>Wir verwenden statistische Cookies, um das Website-Erlebnis f\u00fcr unsere Nutzer zu optimieren. Mit diesen statistischen Cookies erhalten wir Informationen \u00fcber die Nutzung unserer Website. Wir bitten um Ihre Erlaubnis, statistische Cookies zu setzen.<br><strong><br>5.3 Marketing-\/Tracking-Cookies<\/strong><br>Marketing-\/Tracking-Cookies sind Cookies oder andere Formen der lokalen Speicherung, die zum Erstellen von Benutzerprofilen verwendet werden, um Werbung anzuzeigen oder den Benutzer auf dieser Website oder auf mehreren Websites f\u00fcr \u00e4hnliche Marketingzwecke zu verfolgen.<br>Verwendete Cookies<br><br><strong>Wir verwenden Cookies nur f\u00fcr den Zugriff auf die Website-Verwaltung.<br>WordPress \u2013 Funktional \u2013 Zustimmung zum Dienst WordPress<br>Als Browser, der unsere Website besucht, um die von uns angebotenen Dienste zu konsultieren, erfassen wir keine Informationen.<\/strong><br><br><strong>6.<\/strong> <strong>Zustimmung<\/strong><br>Wenn Sie unsere Website zum ersten Mal besuchen, zeigen wir Ihnen ein Popup-Fenster mit einer Erkl\u00e4rung zu Cookies. Sobald Sie auf \u201eEinstellungen speichern\u201c klicken, stimmen Sie der Verwendung der von Ihnen im Popup-Fenster ausgew\u00e4hlten Kategorien von Cookies und Plugins wie in dieser Cookie-Richtlinie beschrieben zu. Sie k\u00f6nnen die Verwendung von Cookies \u00fcber Ihren Browser deaktivieren. Bitte beachten Sie jedoch, dass unsere Website dann m\u00f6glicherweise nicht mehr richtig funktioniert.<br><strong><br>7.1 Verwalten Sie Ihre Zustimmungseinstellungen<\/strong><br>Aktivierung\/Deaktivierung und L\u00f6schung von Cookies<br>Sie k\u00f6nnen Ihren Internetbrowser verwenden, um Cookies automatisch oder manuell zu l\u00f6schen. Sie k\u00f6nnen auch festlegen, dass bestimmte Cookies nicht platziert werden. Eine weitere M\u00f6glichkeit besteht darin, die Einstellungen Ihres Internetbrowsers so zu \u00e4ndern, dass Sie jedes Mal eine Nachricht erhalten, wenn ein Cookie gesetzt wird. Weitere Informationen zu diesen Optionen finden Sie in den Anweisungen im Hilfebereich Ihres Browsers.<br>Bitte nimm zur Kentniss, dass unsere Website m\u00f6glicherweise nicht richtig funktioniert wenn alle Cookies deaktiviert sind. Wenn du Cookies aus deinem Browser l\u00f6scht, werden diese neuplatziert wenn du unsere Website erneut besuchst.<br>Ihre Rechte in Bezug auf personenbezogene Daten<br>Sie haben in Bezug auf Ihre pers\u00f6nlichen Daten die folgenden Rechte:<br>Sie haben das Recht zu erfahren, wof\u00fcr Ihre personenbezogenen Daten ben\u00f6tigt werden, was mit ihnen geschieht und wie lange sie gespeichert werden.<br>Auskunftsrecht: Sie haben das Recht, auf die personenbezogenen Daten zuzugreifen, die wir \u00fcber Sie haben.<br>Recht auf Berichtigung: Sie haben das Recht, Ihre personenbezogenen Daten jederzeit zu vervollst\u00e4ndigen, zu berichtigen, zu l\u00f6schen oder zu sperren.<br>Wenn Sie uns Ihre Einwilligung zur Verarbeitung Ihrer Daten erteilt haben, haben Sie das Recht, diese Einwilligung zu widerrufen und die L\u00f6schung Ihrer personenbezogenen Daten zu verlangen.<br>Recht auf Daten\u00fcbertragbarkeit: Sie haben das Recht, alle Ihre personenbezogenen Daten vom Verantwortlichen anzufordern und diese vollst\u00e4ndig an einen anderen Verantwortlichen zu \u00fcbertragen.<br>Widerspruchsrecht: Sie k\u00f6nnen der Verarbeitung Ihrer Daten widersprechen. Diesem Widerspruch kommen wir nach, sofern keine berechtigten Gr\u00fcnde f\u00fcr die Verarbeitung vorliegen.<br>Um diese Rechte auszu\u00fcben, kontaktieren Sie uns bitte. Die Kontaktdaten finden Sie am Ende dieser Cookie-Richtlinie. Wenn Sie Beschwerden dar\u00fcber haben, wie wir Ihre Daten behandeln, w\u00fcrden wir Sie bitten, uns dies mitzuteilen. Sie haben aber auch das Recht, eine Beschwerde bei der Aufsichtsbeh\u00f6rde (der Datenschutzbeh\u00f6rde) einzureichen.<br><br><strong>Kontaktdetails<\/strong><br>Bei Fragen und\/oder Kommentaren zu unserer Cookie-Richtlinie und dieser Erkl\u00e4rung kontaktieren Sie uns bitte unter den folgenden Kontaktdaten:<br>ERIC AMAYA CALDAS<br>Sant Pere Street, 73, 17200 Palafrugell, Girona (Spanien)<br>Website: https:\/\/arbori.net<br>E-Mail: info@arbori.net<br>Telefon: +34 623 06 18 16<\/p>\n<\/div>","protected":false},"excerpt":{"rendered":"<p>Pol\u00edtica de galetes Aquesta pol\u00edtica de cookies va ser actualitzada per \u00faltima vegada el 26 de setempbre de 2025 i s&#8217;aplica als ciutadans i residents legals permanents de l&#8217;Espai Econ\u00f2mic Europeu i Su\u00efssa.1. Introducci\u00f3La nostra web, https:\/\/arbori.net (d&#8217;ara endavant: \u00abla web\u00bb) utilitza cookies i altres tecnologies relacionades (per a major comoditat, totes les tecnologies es &#8230; <a title=\"Cookie-Richtlinie\" class=\"read-more\" href=\"https:\/\/arbori.net\/de\/politica-de-galetes\/\" aria-label=\"Mehr Informationen \u00fcber Pol\u00edtica de galetes\">Weiterlesen<\/a><\/p>","protected":false},"author":1,"featured_media":0,"parent":0,"menu_order":0,"comment_status":"closed","ping_status":"closed","template":"","meta":{"_acf_changed":false,"footnotes":""},"class_list":["post-1024","page","type-page","status-publish"],"acf":[],"_links":{"self":[{"href":"https:\/\/arbori.net\/de\/wp-json\/wp\/v2\/pages\/1024","targetHints":{"allow":["GET"]}}],"collection":[{"href":"https:\/\/arbori.net\/de\/wp-json\/wp\/v2\/pages"}],"about":[{"href":"https:\/\/arbori.net\/de\/wp-json\/wp\/v2\/types\/page"}],"author":[{"embeddable":true,"href":"https:\/\/arbori.net\/de\/wp-json\/wp\/v2\/users\/1"}],"replies":[{"embeddable":true,"href":"https:\/\/arbori.net\/de\/wp-json\/wp\/v2\/comments?post=1024"}],"version-history":[{"count":4,"href":"https:\/\/arbori.net\/de\/wp-json\/wp\/v2\/pages\/1024\/revisions"}],"predecessor-version":[{"id":1369,"href":"https:\/\/arbori.net\/de\/wp-json\/wp\/v2\/pages\/1024\/revisions\/1369"}],"wp:attachment":[{"href":"https:\/\/arbori.net\/de\/wp-json\/wp\/v2\/media?parent=1024"}],"curies":[{"name":"wp","href":"https:\/\/api.w.org\/{rel}","templated":true}]}}