{"id":8,"date":"2025-07-11T09:28:02","date_gmt":"2025-07-11T09:28:02","guid":{"rendered":"https:\/\/arbori.cat\/?page_id=8"},"modified":"2026-02-24T11:14:33","modified_gmt":"2026-02-24T11:14:33","slug":"inici","status":"publish","type":"page","link":"https:\/\/arbori.net\/de\/","title":{"rendered":"Heim"},"content":{"rendered":"<div class=\"gb-element-7082ce22 alignfull\">\n<div class=\"gb-element-668672ad\" style=\"--inline-bg-image: url(https:\/\/arbori.net\/wp-content\/uploads\/2025\/12\/DSC2765.jpg)\"><\/div>\n\n\n\n<div class=\"gb-element-b57740b0\">\n<h1 class=\"gb-text titols\">B\u00e4ume und W\u00e4lder<\/h1>\n<\/div>\n<\/div>\n\n\n\n<div class=\"gb-element-a17c0fd8\">\n<div class=\"gb-element-68c2efdc\">\n<img loading=\"lazy\" decoding=\"async\" width=\"766\" height=\"483\" class=\"gb-media-0c263e89\" alt=\"\" src=\"https:\/\/arbori.net\/wp-content\/uploads\/2025\/09\/arbori_icones_arbres-02.svg\" title=\"arbori_icons_trees-02\"\/>\n<\/div>\n\n\n\n<div class=\"gb-element-4a19e923\">\n<h3 class=\"gb-text titol_2\">BAUMPFLEGE-DIENSTE UND<br>FORSTARBEITEN<\/h3>\n\n\n\n<p class=\"gb-text gb-text-a2126f7e\">Baumschnitt<br>Spezialisten f\u00fcr H\u00f6henschnitt und kontrollierten Holzeinschlag<br>K\u00fcnstliche Baumst\u00fctzen<br>Sichere Entfernung gef\u00e4hrlicher B\u00e4ume<br>Notfallbeseitigung umgest\u00fcrzter B\u00e4ume<br>Sch\u00e4dlings- und Krankheitsbek\u00e4mpfung<br>Reinigung und nachhaltige Bewirtschaftung von W\u00e4ldern und l\u00e4ndlichen Grundst\u00fccken<br>Schutz der Mikrofauna<br>Selektive Baumf\u00e4llung<\/p>\n<\/div>\n<\/div>\n\n\n\n<div class=\"gb-element-2ca5ede6\" id=\"serveis\">\n<a class=\"gb-element-1b1d4e59 link_banner\" style=\"--inline-bg-image: url(https:\/\/arbori.net\/wp-content\/uploads\/2025\/07\/getty-images-wW5MEobsNSg-unsplash.jpg)\" href=\"https:\/\/arbori.net\/de\/servei\/poda-de-arboles\/\">\n<div class=\"gb-element-6bc44fab\">\n<h4 class=\"gb-text gb-text-b63e6e72\">BAUMSCHNITT<br><\/h4>\n<\/div>\n<\/a>\n\n\n\n<a class=\"gb-element-0ef7315b link_banner\" style=\"--inline-bg-image: url(https:\/\/arbori.net\/wp-content\/uploads\/2025\/07\/getty-images-wW5MEobsNSg-unsplash.jpg)\" href=\"https:\/\/arbori.net\/de\/servei\/arboricultura\/\">\n<div class=\"gb-element-f1480a3d\">\n<h4 class=\"gb-text gb-text-740a0317\">ARBORICULTURA<br><\/h4>\n<\/div>\n<\/a>\n\n\n\n<a class=\"gb-element-6f5f46f7 link_banner\" style=\"--inline-bg-image: url(https:\/\/arbori.net\/wp-content\/uploads\/2025\/07\/getty-images-wW5MEobsNSg-unsplash.jpg)\" href=\"https:\/\/arbori.net\/de\/servei\/gestio-forestal\/\">\n<div class=\"gb-element-37dfaf69\">\n<h4 class=\"gb-text gb-text-863fab30\">W\u00c4LDER<br><\/h4>\n<\/div>\n<\/a>\n<\/div>\n\n\n\n\n\n<div class=\"gb-element-3826d755\">\n<div class=\"gb-element-506ff4ff\">\n<h4 class=\"gb-text\">Beurteilung des Zustands von B\u00e4umen<\/h4>\n\n\n\n<p>Wir f\u00fchren gr\u00fcndliche Inspektionen durch, um den Zustand jedes Baumes zu pr\u00fcfen: Gesundheit, Stabilit\u00e4t und m\u00f6gliche Risiken. Auf Wunsch des Kunden erstellen wir Berichte, in denen wir die durchgef\u00fchrten Arbeiten erl\u00e4utern oder Probleme aufdecken und klare Handlungsempfehlungen geben.<br><\/p>\n\n\n\n<h4 class=\"gb-text\">Boden- und Wurzelverbesserung<\/h4>\n\n\n\n<p>Die Gesundheit des Baumes beginnt unter der Erde. Deshalb setzen wir Techniken wie das Lockern und Bel\u00fcften des Bodens, die Reinigung des Wurzelbereichs und die Anwendung von Mykorrhiza, Trichoderma und organischem Material ein, damit die Wurzeln st\u00e4rker werden und N\u00e4hrstoffe besser aufnehmen k\u00f6nnen.<\/p>\n\n\n\n<h4 class=\"gb-text\">Vorbeugung und Bek\u00e4mpfung von Sch\u00e4dlingen und Krankheiten<\/h4>\n\n\n\n<p>Jeder Fall ist anders. Wir k\u00f6nnen zugelassene Pflanzenschutzma\u00dfnahmen durchf\u00fchren oder \u00f6kologische L\u00f6sungen wie die biologische Sch\u00e4dlingsbek\u00e4mpfung anwenden. Wir versuchen immer, einzugreifen, bevor das Problem ernst wird.<\/p>\n\n\n\n<h4 class=\"gb-text\">H\u00f6henschnitt<\/h4>\n\n\n\n<p>Wir arbeiten mit Seiltechniken, ohne schwere Maschinen. Wir k\u00f6nnen Sicherheitsschnitte durchf\u00fchren, trockene oder kranke \u00c4ste entfernen, die Krone p\u00fcnktlich stutzen oder verhindern, dass sie H\u00e4user, Kabel oder Grundst\u00fccksgrenzen ber\u00fchrt. Jeder Schnitt erfolgt nach technischen Kriterien und unter Ber\u00fccksichtigung der Erhaltung des Baumes.<\/p>\n\n\n\n<h4 class=\"gb-text\">Sicher kontrolliertes F\u00e4llen<\/h4>\n\n\n\n<p>Wenn es keine andere M\u00f6glichkeit gibt (aufgrund von Risiken oder schwerwiegenden Sch\u00e4den), f\u00e4llen wir den Baum kontrolliert und sicher, wenn n\u00f6tig auch abschnittsweise. Immer mit Genehmigung der Stadtverwaltung und mit einer guten Begr\u00fcndung.<\/p>\n<\/div>\n\n\n\n<div class=\"gb-element-2df496d9\">\n<div class=\"gb-element-25cda70c\">\n<h3 class=\"gb-text gb-text-877afc00 titol_2\">Methodik<br>arbeiten<\/h3>\n\n\n\n<img loading=\"lazy\" decoding=\"async\" width=\"170\" height=\"59\" class=\"gb-media-bbf6d3cb\" alt=\"\" src=\"https:\/\/arbori.net\/wp-content\/uploads\/2025\/08\/fletxa_corva_avall.svg\" title=\"nach unten gebogener Pfeil\"\/>\n<\/div>\n\n\n\n<img loading=\"lazy\" decoding=\"async\" width=\"216\" height=\"466\" class=\"gb-media-f4fa66f5\" alt=\"\" src=\"https:\/\/arbori.net\/wp-content\/uploads\/2025\/09\/arbori_icones_arbres-01.svg\" title=\"arbori_icons_trees-01\"\/>\n<\/div>\n<\/div>","protected":false},"excerpt":{"rendered":"<p>Arbres i Boscos SERVEIS D\u2019ARBORICULTURA ITREBALLS FORESTALS Poda d\u2019arbresEspecialistes en poda d\u2019al\u00e7ada i tales controladesSustentacions artificials d\u2019arbresEliminaci\u00f3 segura d\u2019arbres perillososRetirada d\u2019urg\u00e8ncia d\u2019arbres caigutsGesti\u00f3 de plagues i malaltiesNeteja i Gesti\u00f3 sostenible de boscos i finques r\u00fastiquesConservaci\u00f3 de microfaunaTala selectiva d\u2019arbres PODA D&#8217;ARBRES ARBORICULTURA BOSCOS Ens dediquem a cuidar els arbres de manera professional, tant en zones &#8230; <a title=\"Heim\" class=\"read-more\" href=\"https:\/\/arbori.net\/de\/\" aria-label=\"Mehr Informationen \u00fcber Inici\">Weiterlesen<\/a><\/p>","protected":false},"author":1,"featured_media":0,"parent":0,"menu_order":0,"comment_status":"closed","ping_status":"closed","template":"","meta":{"_acf_changed":false,"footnotes":""},"class_list":["post-8","page","type-page","status-publish"],"acf":[],"_links":{"self":[{"href":"https:\/\/arbori.net\/de\/wp-json\/wp\/v2\/pages\/8","targetHints":{"allow":["GET"]}}],"collection":[{"href":"https:\/\/arbori.net\/de\/wp-json\/wp\/v2\/pages"}],"about":[{"href":"https:\/\/arbori.net\/de\/wp-json\/wp\/v2\/types\/page"}],"author":[{"embeddable":true,"href":"https:\/\/arbori.net\/de\/wp-json\/wp\/v2\/users\/1"}],"replies":[{"embeddable":true,"href":"https:\/\/arbori.net\/de\/wp-json\/wp\/v2\/comments?post=8"}],"version-history":[{"count":309,"href":"https:\/\/arbori.net\/de\/wp-json\/wp\/v2\/pages\/8\/revisions"}],"predecessor-version":[{"id":1639,"href":"https:\/\/arbori.net\/de\/wp-json\/wp\/v2\/pages\/8\/revisions\/1639"}],"wp:attachment":[{"href":"https:\/\/arbori.net\/de\/wp-json\/wp\/v2\/media?parent=8"}],"curies":[{"name":"wp","href":"https:\/\/api.w.org\/{rel}","templated":true}]}}