{"id":863,"date":"2025-08-13T05:51:21","date_gmt":"2025-08-13T05:51:21","guid":{"rendered":"https:\/\/arbori.tandem.ws\/?page_id=863"},"modified":"2026-02-10T09:51:38","modified_gmt":"2026-02-10T09:51:38","slug":"unternehmen","status":"publish","type":"page","link":"https:\/\/arbori.net\/de\/empresa\/","title":{"rendered":"Unternehmen"},"content":{"rendered":"<div class=\"gb-element-24e66b1e\">\n<div class=\"gb-element-394d09e6\">\n<div class=\"gb-element-84532ebd\" style=\"--inline-bg-image: url(https:\/\/arbori.net\/wp-content\/uploads\/2025\/12\/DSC0578.jpg)\"><\/div>\n<\/div>\n\n\n\n<div class=\"gb-element-8e23a280\">\n<img loading=\"lazy\" decoding=\"async\" width=\"170\" height=\"59\" class=\"gb-media-21927fa6\" alt=\"\" src=\"https:\/\/arbori.net\/wp-content\/uploads\/2025\/08\/fletxa_corva.svg\" title=\"gebogener_Pfeil\"\/>\n\n\n\n<h1 class=\"gb-text gb-text-e914b71e titol_2\">enric amaya<\/h1>\n\n\n\n<p class=\"gb-text gb-text-a583ed9c translation-block\">Meine Leidenschaft f\u00fcr die Baumpflege war erst in meiner Kindheit. Als ich mich in einem l\u00e4ndlichen Raum aufhielt, war er aus Spa\u00df und verwirklichte seine Wartungsaufgaben in der vertrauten Umgebung des Hauses, mit feinen Bauwerken, hohen Baumst\u00e4mmen oder der Herstellung von Holz.<br>\n<br>\nIch habe das Tagebuch mit der Natur nicht kontaktiert, um mich mit meinen ersten Habilitanden auseinandersetzen zu k\u00f6nnen, aber auch mit einer tiefen Sensibilit\u00e4t und Respekt vor der Natur der Medizin.<br>\n<br>\nW\u00e4hrend der letzten Zeit habe ich diese Leidenschaft in meine eigenen G\u00e4rten, W\u00e4lder und Parks in den Gr\u00fcnen verwandelt.<br>\n<br>\nDar\u00fcber hinaus erhielt er von der Espanyola d'Arboricultura Association (AEA) verschiedene Ausbildungszertifizierungen, die mir eine kontinuierliche Spezialisierung erm\u00f6glichten und mich an der T\u00e4tigkeit im Bereich der Baumpflege orientierten: Er erhielt von mir ein F\u00fchrungszertifikat und kombinierte Forstwirtschaftsbetriebe mit einem fortlaufenden Spezialisierungsverfahren.<br>\n<br>\nDie Einbindung in jedes Projekt ist von Anfang an wichtig, die F\u00e4higkeit, mich zu konfrontieren, besteht darin, entschlossen zu handeln und darauf zu achten, dass das Ziel so gut wie m\u00f6glich ist und dass es sich um einen Teil meiner Tapferkeit handelt.<br>\n<br>\nEr war drei Jahre alt, als er mein eigenes Unternehmen war, und schickte mir die F\u00e4higkeit, an kleinen Interventionen f\u00fcr Projekte in der Gro\u00dfstadt teilzunehmen, mit einer ganzheitlichen Sicht auf den Baum, die Begr\u00fc\u00dfung, die ich ihm entgegenbrachte, und bot meinen Kunden eine gr\u00f6\u00dfere Anzahl an Dienstleistungen an.<\/p>\n<\/div>\n<\/div>\n\n\n\n<div class=\"gb-element-8e270445\">\n<div class=\"gb-element-6a803924\">\n<h3 class=\"gb-text gb-text-afc70855\">Ausbildung<\/h3>\n\n\n\n<p class=\"gb-text gb-text-c45df99d translation-block\">\u2014 Jardineria i manteniment de parcs i zones verdes<br>\u2014 Iniciaci\u00f3 a la Trepa (Zertifikat f\u00fcr die AEA)<br>\u2014 Enfilada Avan\u00e7ada (Zertifikat f\u00fcr die AEA)<br>\u2014 Despla\u00e7aments als arbres (Zertifikat f\u00fcr die AEA)<br>\u2014 Poda per a Jardiners des de la Perspectiva de l\u2019Arboricultura<br>\u2014 Rescat a Arboricultura (Certificat per l\u2019AEA)<br>\u2013 Tala Controlada per Seccions (Certificat per l\u2019AEA)<br>\u2013 Curs de preparaci\u00f3 per al Certificat Europeu de Motoserrista \u2013 ECC1 und ECC2<br>\u2013 Motoserra a Emerg\u00e8ncies<br>\u2013 Identificaci\u00f3 d\u2019esp\u00e8cies d\u2019arbres<br>\u2013 Curs B\u00e0sic de Treballs Verticals (g\u00fcltiges Zertifikat in spanischen Territorien)<br>\u2014 Certificat de Prevenci\u00f3 de Riscos Laborals Gen\u00e8ric 60h (15.01.2024)<\/p>\n<\/div>\n\n\n\n<div class=\"gb-element-5affc2fd\">\n<h3 class=\"gb-text gb-text-7b1e37d3\">Leistungen<\/h3>\n\n\n\n<p class=\"gb-text gb-text-052d3d2c translation-block\">\u2014 H\u00f6henschnitt: Anwendung fortschrittlicher Baumpflegetechniken unter Ber\u00fccksichtigung der Baumgesundheit und der Umweltsicherheit.<br>\u2014 Kontrollma\u00dfnahmen: Anwendung sicherer Methoden zur Vermeidung von Sch\u00e4den an Infrastruktur oder Naturr\u00e4umen.<br>\u2014 Felsmanagement: Kontinuierliche Beurteilung der Stabilit\u00e4t und des Schutzes von B\u00e4umen an Felsw\u00e4nden.<br>\u2014 Notfallma\u00dfnahmen: Sichere Baumf\u00e4llung in kritischen Situationen oder nach Vorf\u00e4llen.<br>\u2014 Sch\u00e4dlings- und Krankheitsmanagement: Identifizierung h\u00e4ufiger Krankheiten, Anwendung geeigneter Behandlungen und Ma\u00dfnahmen zur St\u00e4rkung der Baumgesundheit.<br>\u2014 Baumzustandsbeurteilung: Inspektionen zur Diagnose des allgemeinen Zustands und zur Festlegung der besten Ma\u00dfnahmen.<\/p>\n<\/div>\n<\/div>\n\n\n\n<div class=\"gb-element-d8fac7f6\">\n<div>\n<p class=\"gb-text gb-text-c1739d4d translation-block\">Despr\u00e9s d\u2019aquests anys, en moments puntuals he tingut l\u2019oportunitat de coordinar equips en projectes que requereixen m\u00e9s personal, siguin arboristes formats o ajudants per a tasques de suport, per la qual cosa em sento preparat per afrontar projectes de m\u00e9s envergadura: des d\u2019intervencions d\u2019un o m\u00e9s dies fins a feines que es prolonguin durant setmanes o mesos.<br><br>El meu objectiu \u00e9s continuar consolidant i professionalitzant la meva activitat, construint una base s\u00f2lida que em permeti assumir feines m\u00e9s grans i estables, incorporant personal de manera permanent, amb l\u2019objectiu de continuar creixent sense perdre la qualitat en els serveis que presto: mantenint sempre el comprom\u00eds amb l\u2019excel\u00b7l\u00e8ncia, la sostenibilitat i el respecte pels arbres i l\u2019entorn.<\/p>\n<\/div>\n\n\n\n<div>\n<p class=\"gb-text gb-text-9d4d5d2f\">Um dieses Wachstum fortzusetzen, halte ich es f\u00fcr unerl\u00e4sslich, Synergien mit gleichgesinnten Unternehmen wie New Ape zu schaffen und stabile, transparente und f\u00fcr beide Seiten vorteilhafte Kooperationsbeziehungen aufzubauen. Diese erm\u00f6glichen es uns, neue Projekte anzugehen, die Effizienz zu steigern und einen noch umfassenderen und spezialisierteren Service anzubieten. Ich bin fest davon \u00fcberzeugt, dass gemeinsames Wachstum, basierend auf Vertrauen und gemeinsamen Zielen, der Schl\u00fcssel zu einer soliden, erfolgreichen und nachhaltigen beruflichen Zukunft f\u00fcr alle Beteiligten ist.<br><\/p>\n<\/div>\n<\/div>","protected":false},"excerpt":{"rendered":"<p>enric amaya La meva passi\u00f3 pel m\u00f3n de l&#8217;arboricultura neix a la inf\u00e0ncia. En haver-me criat en un entorn rural, des de jove, he realitzat tasques de manteniment al bosc on estava situada la casa familiar, fent feines de desbrossament, tall d&#8217;arbres o producci\u00f3 de llenya. Aquest contacte diari amb la natura no nom\u00e9s em &#8230; <a title=\"Unternehmen\" class=\"read-more\" href=\"https:\/\/arbori.net\/de\/empresa\/\" aria-label=\"Mehr Informationen \u00fcber Empresa\">Weiterlesen<\/a><\/p>","protected":false},"author":1,"featured_media":0,"parent":0,"menu_order":0,"comment_status":"closed","ping_status":"closed","template":"","meta":{"_acf_changed":false,"footnotes":""},"class_list":["post-863","page","type-page","status-publish"],"acf":[],"_links":{"self":[{"href":"https:\/\/arbori.net\/de\/wp-json\/wp\/v2\/pages\/863","targetHints":{"allow":["GET"]}}],"collection":[{"href":"https:\/\/arbori.net\/de\/wp-json\/wp\/v2\/pages"}],"about":[{"href":"https:\/\/arbori.net\/de\/wp-json\/wp\/v2\/types\/page"}],"author":[{"embeddable":true,"href":"https:\/\/arbori.net\/de\/wp-json\/wp\/v2\/users\/1"}],"replies":[{"embeddable":true,"href":"https:\/\/arbori.net\/de\/wp-json\/wp\/v2\/comments?post=863"}],"version-history":[{"count":65,"href":"https:\/\/arbori.net\/de\/wp-json\/wp\/v2\/pages\/863\/revisions"}],"predecessor-version":[{"id":1610,"href":"https:\/\/arbori.net\/de\/wp-json\/wp\/v2\/pages\/863\/revisions\/1610"}],"wp:attachment":[{"href":"https:\/\/arbori.net\/de\/wp-json\/wp\/v2\/media?parent=863"}],"curies":[{"name":"wp","href":"https:\/\/api.w.org\/{rel}","templated":true}]}}