{"id":930,"date":"2025-08-14T05:00:12","date_gmt":"2025-08-14T05:00:12","guid":{"rendered":"https:\/\/arbori.tandem.ws\/?page_id=930"},"modified":"2025-09-24T11:08:25","modified_gmt":"2025-09-24T11:08:25","slug":"projekte","status":"publish","type":"page","link":"https:\/\/arbori.net\/de\/projectes\/","title":{"rendered":"Projekte"},"content":{"rendered":"<div class=\"gb-element-1d0b177d\">\n<div class=\"gb-element-482bc858\">\n<div class=\"gb-element-5acc88ec\" style=\"--inline-bg-image: url(https:\/\/arbori.net\/wp-content\/uploads\/2025\/08\/getty-images-xv5XMJLYnn8-unsplash-scaled.jpg)\"><\/div>\n<\/div>\n\n\n\n<div class=\"gb-element-4e0013bd\">\n<h1 class=\"gb-text gb-text-0a0206f6 titol_2\">Ekzem<mark style=\"background-color:rgba(0, 0, 0, 0)\" class=\"has-inline-color has-contrast-color\">P<\/mark>die von <br>Pro<mark style=\"background-color:rgba(0, 0, 0, 0)\" class=\"has-inline-color has-contrast-color\">J<\/mark>Glaube<mark style=\"background-color:rgba(0, 0, 0, 0)\" class=\"has-inline-color has-contrast-color\">T<\/mark>Ja!<\/h1>\n\n\n\n<p class=\"gb-text gb-text-96895a06\">Wir machen das seit Jahren <strong>nachhaltige Baumzuchtprojekte<\/strong> in ganz Katalonien, mit einem Ansatz basierend auf <strong>verantwortungsvolles Baummanagement<\/strong>.<br><br>Jede Gr\u00fcnfl\u00e4che erf\u00fcllt eine Funktion in der Landschaft. Deshalb vereinen unsere Baumpflegeprojekte technisches Wissen, Respekt f\u00fcr die nat\u00fcrliche Umwelt und eine nachhaltige Vision des Gebiets.<\/p>\n\n\n\n<h6 class=\"gb-text gb-text-d10e06ae\">\u2013 Schnittma\u00dfnahmen und Risikomanagement<br>\u2013 Diagnose und phytosanit\u00e4re Behandlungen<br>\u2013 Baumpflanzungen und Erneuerungspl\u00e4ne<br>\u2013 Technische Beratung und Baumgesundheitsstudien<br>\u2013 Wiederherstellung einzigartiger B\u00e4ume und Naturr\u00e4ume<\/h6>\n\n\n\n<p><br><\/p>\n<\/div>\n<\/div>\n\n\n\n<div class=\"gb-element-d7c31321\">\n<div>\n\n\n<div class=\"gb-element-edbe926f gb-query-loop-pagination\">\n\n\n\n<\/div>\n\n\n\n\n<p class=\"gb-text\">No s&#8217;ha trobat cap resultat.<\/p>\n\n<\/div>\n<\/div>","protected":false},"excerpt":{"rendered":"<p>Exemples de Projectes fets! Portem anys realitzant projectes d&#8217;arboricultura sostenible arreu de Catalunya, amb un enfocament basat en la gesti\u00f3 responsable dels arbres. Cada espai verd t\u00e9 una funci\u00f3 dins el paisatge. \u00c9s per aix\u00f2 que els nostres projectes d\u2019arboricultura combinen coneixement t\u00e8cnic, respecte pel medi natural i una visi\u00f3 sostenible del territori. &#8211; Intervencions &#8230; <a title=\"Projekte\" class=\"read-more\" href=\"https:\/\/arbori.net\/de\/projectes\/\" aria-label=\"Mehr Informationen \u00fcber Projectes\">Weiterlesen<\/a><\/p>","protected":false},"author":1,"featured_media":0,"parent":0,"menu_order":0,"comment_status":"closed","ping_status":"closed","template":"","meta":{"_acf_changed":false,"footnotes":""},"class_list":["post-930","page","type-page","status-publish"],"acf":[],"_links":{"self":[{"href":"https:\/\/arbori.net\/de\/wp-json\/wp\/v2\/pages\/930","targetHints":{"allow":["GET"]}}],"collection":[{"href":"https:\/\/arbori.net\/de\/wp-json\/wp\/v2\/pages"}],"about":[{"href":"https:\/\/arbori.net\/de\/wp-json\/wp\/v2\/types\/page"}],"author":[{"embeddable":true,"href":"https:\/\/arbori.net\/de\/wp-json\/wp\/v2\/users\/1"}],"replies":[{"embeddable":true,"href":"https:\/\/arbori.net\/de\/wp-json\/wp\/v2\/comments?post=930"}],"version-history":[{"count":60,"href":"https:\/\/arbori.net\/de\/wp-json\/wp\/v2\/pages\/930\/revisions"}],"predecessor-version":[{"id":1298,"href":"https:\/\/arbori.net\/de\/wp-json\/wp\/v2\/pages\/930\/revisions\/1298"}],"wp:attachment":[{"href":"https:\/\/arbori.net\/de\/wp-json\/wp\/v2\/media?parent=930"}],"curies":[{"name":"wp","href":"https:\/\/api.w.org\/{rel}","templated":true}]}}