{"id":1022,"date":"2025-08-14T06:09:42","date_gmt":"2025-08-14T06:09:42","guid":{"rendered":"https:\/\/arbori.tandem.ws\/?page_id=1022"},"modified":"2025-09-26T06:25:01","modified_gmt":"2025-09-26T06:25:01","slug":"politica-de-privacitat","status":"publish","type":"page","link":"https:\/\/arbori.net\/en\/politica-de-privacitat\/","title":{"rendered":"Privacy policy"},"content":{"rendered":"<div class=\"gb-element-b6855bdd\">\n<h2 class=\"gb-text\">Privacy policy<\/h2>\n\n\n\n<p class=\"gb-text\">INFORMACI\u00d3 A L&#8217;USUARI<br>ERIC AMAYA CALDAS, com a Responsable del Tractament l&#8217;informa que, segons el que es disposa en el Reglament (UE) 2016\/679, de 27 d&#8217;abril de 2016, de protecci\u00f3 de dades personals (RGPD), tractarem la seva dades tal com reflectim en la present Pol\u00edtica de Privacitat.<br>En aquesta Pol\u00edtica de Privacitat descrivim com recollim les seves dades personals i per qu\u00e8 els recollim, qu\u00e8 fem amb ells, amb qui els compartim, com els protegim i les seves opcions quant al tractament de les seves dades personals.<br>Aquesta Pol\u00edtica s&#8217;aplica al tractament de les seves dades personals recollits per l&#8217;empresa per a la prestaci\u00f3 dels seus serveis. Si accepta les mesures d&#8217;aquesta Pol\u00edtica, accepta que tractem les seves dades personals com es defineix en aquesta Pol\u00edtica.<br>CONTACTO<br>Commercial name: ERIC AMAYA CALDAS<br>VAT number: 41553366W<br>Registered office: Carrer Sant Pere, 73, 17200 Palafrugell, Girona.<br>Telephone: 623061816<br>e-mail: info@arbori.net<br>PRINCIPIS CLAU<br>Sempre hem estat compromesos amb prestar els nostres serveis amb el m\u00e9s alt grau de qualitat, la qual cosa inclou tractar les seves dades amb seguretat i transpar\u00e8ncia. Els nostres principis s\u00f3n:<br>Legalitat: Nom\u00e9s recopilarem les seves Dades personals per a fins espec\u00edfics, expl\u00edcits i leg\u00edtims.<br>Minimitzaci\u00f3 de dades: Limitem la recollida de dades de car\u00e0cter personal al que \u00e9s estrictament rellevant i necessari per als fins per als quals s&#8217;han recopilat.<br>Limitaci\u00f3 de la Finalitat: Nom\u00e9s recollirem les seves dades personals per als fins declarats i nom\u00e9s segons els seus desitjos.<br>Precisi\u00f3: Mantindrem les seves dades personals exactes i actualitzats.<br>Seguretat de les Dades: Apliquem les mesures t\u00e8cniques i organitzatives adequades i proporcionals als riscos per a garantir que les seves dades no sofreixin danys, com ara divulgaci\u00f3 o acc\u00e9s no autoritzat, la destrucci\u00f3 accidental o il\u00b7l\u00edcita o la seva p\u00e8rdua accidental o alteraci\u00f3 i qualsevol altra forma de tractament il\u00b7l\u00edcit.<br>Acc\u00e9s i Rectificaci\u00f3: Disposem de mitjans perqu\u00e8 accedeixi o rectifiqui les seves dades quan ho consideri oport\u00fa.<br>Conservaci\u00f3: Conservem les seves dades personals de manera legal i apropiada i nom\u00e9s mentre \u00e9s necessari per als fins per als quals s&#8217;han recopilat.<br>Les transfer\u00e8ncies internacionals: quan es doni el cas que les seves dades vagin a ser transferits fora de la UE\/EEE es protegiran adequadament.<br>Tercers: L&#8217;acc\u00e9s i transfer\u00e8ncia de dades personals a tercers es duen a terme d&#8217;acord amb les lleis i reglaments aplicables i amb les garanties contractuals adequades.<br>M\u00e0rqueting Directe i cookies: Complim amb la legislaci\u00f3 aplicable en mat\u00e8ria de publicitat i cookies.<br>RECOLLIDA I TRACTAMENT DE LES SEVES DADES PERSONALS<br>Les tipus de dades que se sol\u00b7liciten i tracten s\u00f3n:<br>Dades de car\u00e0cter identificatiu, de caracter\u00edstiques personals i de circumst\u00e0ncies socials.<br>Dades econ\u00f2miques, si \u00e9s el cas.<br>Tamb\u00e9 recollim de manera autom\u00e0tica dades sobre la seva visita al nostre lloc web segons es descriu en la secci\u00f3 \u201c\u00das de cookies\u201d m\u00e9s endavant.<br>Sempre que sol\u00b7licitem les seves Dades personals, l&#8217;informarem amb claredat de quines dades personals recollim i amb quina fi. En general, recollim i tractem les seves dades personals amb el prop\u00f2sit de:<br>Proporcionar informaci\u00f3 sobre els nostres productes i serveis.<br>Prestar els nostres serveis.<br>Respondre a les seves consultes i sol\u00b7licituds.<br>LEGITIMITAT<br>D&#8217;acord amb la normativa de protecci\u00f3 de dades aplicable, les seves dades personals poden processar-se si:<br>Ens ha donat el seu consentiment a l&#8217;efecte del tractament. Per descomptat, podr\u00e0 retirar el seu consentiment en qualsevol moment.<br>\u00c9s necessari per a la prestaci\u00f3 d&#8217;algun dels nostres serveis mitjan\u00e7ant relaci\u00f3 contractual entre vost\u00e8 i nosaltres.<br>Amb aquest tractament, busquem un inter\u00e8s leg\u00edtim que no es vegi menyscabat pels seus drets de privacitat. Aquest inter\u00e8s leg\u00edtim se li comunicar\u00e0 degudament en l&#8217;av\u00eds de privacitat relacionat amb aquest tractament en particular.<br>\u00c9s requerit per la llei<br>ELS SEUS DRETS<br>En relaci\u00f3 amb la recollida i tractament de les seves dades personals, pot posar-se en contacte amb nosaltres en qualsevol moment per a:<br>Saber si tractem les seves dades personals.<br>Accedir a les seves dades personals i a qualsevol altra informaci\u00f3 indicada en l&#8217;Article 15.1 del RGPD.<br>Rectificar les seves dades personals que siguin inexactes o estiguin incomplets d&#8217;acord amb l&#8217;Article 16 del RGPD.<br>Suprimir les seves dades personals d&#8217;acord amb l&#8217;Article 17 del RGPD.<br>Limitar el tractament de les seves dades personals d&#8217;acord amb l&#8217;Article 18 del RGPD.<br>Sol\u00b7licitar la portabilitat de les seves dades d&#8217;acord amb l&#8217;Article 20 del RGPD.<br>Oposar-se al tractament de les seves dades personals d&#8217;acord amb l&#8217;article 21 del RGPD.<br>Si ha atorgat el seu consentiment per a alguna finalitat concreta, t\u00e9 dret a retirar el consentiment atorgat en qualsevol moment, sense que aix\u00f2 afecti la licitud del tractament basat en el consentiment previ a la seva retirada. Per a exercir els seus drets pot enviar-nos una comunicaci\u00f3 a info@arbori.net.<br>INFORMACI\u00d3 LEGAL<br>Els requisits d&#8217;aquesta Pol\u00edtica complementen, i no reemplacen, qualsevol altre requisit existent sota la llei de protecci\u00f3 de dades aplicable, que ser\u00e0 la que prevalgui en qualsevol cas.<br>Aquesta Pol\u00edtica est\u00e0 subjecta a revisions peri\u00f2diques i l&#8217;empresa pot modificar-la en qualsevol moment. Quan aix\u00f2 ocorri, li avisarem de qualsevol canvi i li demanarem que torni a llegir la versi\u00f3 m\u00e9s recent de la nostra Pol\u00edtica i que confirmi la seva acceptaci\u00f3.<br>INFORMACI\u00d3 D&#8217;INTER\u00c8S<br>Si vol o necessita posar accedir a les nostres fulles de reclamacions, nom\u00e9s ha de posar-se en contacte amb nosaltres a trav\u00e9s del seg\u00fcent email: info@arbori.net i et donarem informaci\u00f3 detallada.<br>Aix\u00ed mateix, si necessita gestionar algun tipus de queixa, haur\u00e0 d&#8217;enviar-nos un correu electr\u00f2nic a la mateixa adre\u00e7a info@arbori.net per a poder atendre-la amb la m\u00e0xima celeritat possible.<\/p>\n<\/div>","protected":false},"excerpt":{"rendered":"<p>Pol\u00edtica de privacitat INFORMACI\u00d3 A L&#8217;USUARIERIC AMAYA CALDAS, com a Responsable del Tractament l&#8217;informa que, segons el que es disposa en el Reglament (UE) 2016\/679, de 27 d&#8217;abril de 2016, de protecci\u00f3 de dades personals (RGPD), tractarem la seva dades tal com reflectim en la present Pol\u00edtica de Privacitat.En aquesta Pol\u00edtica de Privacitat descrivim com &#8230; <a title=\"Privacy policy\" class=\"read-more\" href=\"https:\/\/arbori.net\/en\/politica-de-privacitat\/\" aria-label=\"Read more about Pol\u00edtica de privacitat\">Read more<\/a><\/p>","protected":false},"author":1,"featured_media":0,"parent":0,"menu_order":0,"comment_status":"closed","ping_status":"closed","template":"","meta":{"_acf_changed":false,"footnotes":""},"class_list":["post-1022","page","type-page","status-publish"],"acf":[],"_links":{"self":[{"href":"https:\/\/arbori.net\/en\/wp-json\/wp\/v2\/pages\/1022","targetHints":{"allow":["GET"]}}],"collection":[{"href":"https:\/\/arbori.net\/en\/wp-json\/wp\/v2\/pages"}],"about":[{"href":"https:\/\/arbori.net\/en\/wp-json\/wp\/v2\/types\/page"}],"author":[{"embeddable":true,"href":"https:\/\/arbori.net\/en\/wp-json\/wp\/v2\/users\/1"}],"replies":[{"embeddable":true,"href":"https:\/\/arbori.net\/en\/wp-json\/wp\/v2\/comments?post=1022"}],"version-history":[{"count":3,"href":"https:\/\/arbori.net\/en\/wp-json\/wp\/v2\/pages\/1022\/revisions"}],"predecessor-version":[{"id":1366,"href":"https:\/\/arbori.net\/en\/wp-json\/wp\/v2\/pages\/1022\/revisions\/1366"}],"wp:attachment":[{"href":"https:\/\/arbori.net\/en\/wp-json\/wp\/v2\/media?parent=1022"}],"curies":[{"name":"wp","href":"https:\/\/api.w.org\/{rel}","templated":true}]}}