{"id":8,"date":"2025-07-11T09:28:02","date_gmt":"2025-07-11T09:28:02","guid":{"rendered":"https:\/\/arbori.cat\/?page_id=8"},"modified":"2026-02-24T11:14:33","modified_gmt":"2026-02-24T11:14:33","slug":"inici","status":"publish","type":"page","link":"https:\/\/arbori.net\/en\/","title":{"rendered":"Home"},"content":{"rendered":"<div class=\"gb-element-7082ce22 alignfull\">\n<div class=\"gb-element-668672ad\" style=\"--inline-bg-image: url(https:\/\/arbori.net\/wp-content\/uploads\/2025\/12\/DSC2765.jpg)\"><\/div>\n\n\n\n<div class=\"gb-element-b57740b0\">\n<h1 class=\"gb-text titols\">Trees and Forests<\/h1>\n<\/div>\n<\/div>\n\n\n\n<div class=\"gb-element-a17c0fd8\">\n<div class=\"gb-element-68c2efdc\">\n<img loading=\"lazy\" decoding=\"async\" width=\"766\" height=\"483\" class=\"gb-media-0c263e89\" alt=\"\" src=\"https:\/\/arbori.net\/wp-content\/uploads\/2025\/09\/arbori_icones_arbres-02.svg\" title=\"arbori_icons_trees-02\"\/>\n<\/div>\n\n\n\n<div class=\"gb-element-4a19e923\">\n<h3 class=\"gb-text titol_2\">ARBORICULTURE SERVICES AND<br>FORESTRY WORKS<\/h3>\n\n\n\n<p class=\"gb-text gb-text-a2126f7e\">Tree pruning<br>Specialists in height pruning and controlled felling<br>Artificial supports of trees<br>Safe removal of dangerous trees<br>Emergency removal of fallen trees<br>Pest and disease management<br>Cleaning and sustainable management of forests and rural properties<br>Conservation of microfauna<br>Selective tree felling<\/p>\n<\/div>\n<\/div>\n\n\n\n<div class=\"gb-element-2ca5ede6\" id=\"serveis\">\n<a class=\"gb-element-1b1d4e59 link_banner\" style=\"--inline-bg-image: url(https:\/\/arbori.net\/wp-content\/uploads\/2025\/07\/getty-images-wW5MEobsNSg-unsplash.jpg)\" href=\"https:\/\/arbori.net\/en\/servei\/poda-de-arboles\/\">\n<div class=\"gb-element-6bc44fab\">\n<h4 class=\"gb-text gb-text-b63e6e72\">TREE PRUNING<br><\/h4>\n<\/div>\n<\/a>\n\n\n\n<a class=\"gb-element-0ef7315b link_banner\" style=\"--inline-bg-image: url(https:\/\/arbori.net\/wp-content\/uploads\/2025\/07\/getty-images-wW5MEobsNSg-unsplash.jpg)\" href=\"https:\/\/arbori.net\/en\/servei\/arboricultura\/\">\n<div class=\"gb-element-f1480a3d\">\n<h4 class=\"gb-text gb-text-740a0317\">ARBORICULTURA<br><\/h4>\n<\/div>\n<\/a>\n\n\n\n<a class=\"gb-element-6f5f46f7 link_banner\" style=\"--inline-bg-image: url(https:\/\/arbori.net\/wp-content\/uploads\/2025\/07\/getty-images-wW5MEobsNSg-unsplash.jpg)\" href=\"https:\/\/arbori.net\/en\/servei\/gestio-forestal\/\">\n<div class=\"gb-element-37dfaf69\">\n<h4 class=\"gb-text gb-text-863fab30\">FORESTS<br><\/h4>\n<\/div>\n<\/a>\n<\/div>\n\n\n\n\n\n<div class=\"gb-element-3826d755\">\n<div class=\"gb-element-506ff4ff\">\n<h4 class=\"gb-text\">Assessment of the condition of trees<\/h4>\n\n\n\n<p>We carry out thorough inspections to see how each tree is doing: health, stability and possible risks. If the client wishes, we prepare reports explaining the work done or detecting problems with clear recommendations on how to act.<br><\/p>\n\n\n\n<h4 class=\"gb-text\">Soil and root improvement<\/h4>\n\n\n\n<p>The health of the tree begins underground. That&#039;s why we use techniques such as de-compacting and aerating the soil, cleaning the area around the roots and applying mycorrhizae, trichodermas and organic matter so that the roots become stronger and absorb nutrients better.<\/p>\n\n\n\n<h4 class=\"gb-text\">Prevention and control of pests and diseases<\/h4>\n\n\n\n<p>Each case is different. We can carry out authorised phytosanitary treatments or apply ecological solutions such as biological control. We always try to act before the problem becomes serious.<\/p>\n\n\n\n<h4 class=\"gb-text\">Height pruning<\/h4>\n\n\n\n<p>We work with rope techniques, without heavy machinery. We can do safety pruning, clean dry or diseased branches, trim the crown punctually or prevent it from touching houses, cables or plot boundaries. Each pruning is done with technical criteria and thinking about preserving the tree.<\/p>\n\n\n\n<h4 class=\"gb-text\">Safely controlled felling<\/h4>\n\n\n\n<p>When there is no other option (due to risk or serious deterioration), we cut down the tree in a controlled and safe manner, in sections if necessary. Always with permission from the city council and with good justification.<\/p>\n<\/div>\n\n\n\n<div class=\"gb-element-2df496d9\">\n<div class=\"gb-element-25cda70c\">\n<h3 class=\"gb-text gb-text-877afc00 titol_2\">Methodology<br>work<\/h3>\n\n\n\n<img loading=\"lazy\" decoding=\"async\" width=\"170\" height=\"59\" class=\"gb-media-bbf6d3cb\" alt=\"\" src=\"https:\/\/arbori.net\/wp-content\/uploads\/2025\/08\/fletxa_corva_avall.svg\" title=\"down_curved_arrow\"\/>\n<\/div>\n\n\n\n<img loading=\"lazy\" decoding=\"async\" width=\"216\" height=\"466\" class=\"gb-media-f4fa66f5\" alt=\"\" src=\"https:\/\/arbori.net\/wp-content\/uploads\/2025\/09\/arbori_icones_arbres-01.svg\" title=\"arbori_icons_trees-01\"\/>\n<\/div>\n<\/div>","protected":false},"excerpt":{"rendered":"<p>Arbres i Boscos SERVEIS D\u2019ARBORICULTURA ITREBALLS FORESTALS Poda d\u2019arbresEspecialistes en poda d\u2019al\u00e7ada i tales controladesSustentacions artificials d\u2019arbresEliminaci\u00f3 segura d\u2019arbres perillososRetirada d\u2019urg\u00e8ncia d\u2019arbres caigutsGesti\u00f3 de plagues i malaltiesNeteja i Gesti\u00f3 sostenible de boscos i finques r\u00fastiquesConservaci\u00f3 de microfaunaTala selectiva d\u2019arbres PODA D&#8217;ARBRES ARBORICULTURA BOSCOS Ens dediquem a cuidar els arbres de manera professional, tant en zones &#8230; <a title=\"Home\" class=\"read-more\" href=\"https:\/\/arbori.net\/en\/\" aria-label=\"Read more about Inici\">Read more<\/a><\/p>","protected":false},"author":1,"featured_media":0,"parent":0,"menu_order":0,"comment_status":"closed","ping_status":"closed","template":"","meta":{"_acf_changed":false,"footnotes":""},"class_list":["post-8","page","type-page","status-publish"],"acf":[],"_links":{"self":[{"href":"https:\/\/arbori.net\/en\/wp-json\/wp\/v2\/pages\/8","targetHints":{"allow":["GET"]}}],"collection":[{"href":"https:\/\/arbori.net\/en\/wp-json\/wp\/v2\/pages"}],"about":[{"href":"https:\/\/arbori.net\/en\/wp-json\/wp\/v2\/types\/page"}],"author":[{"embeddable":true,"href":"https:\/\/arbori.net\/en\/wp-json\/wp\/v2\/users\/1"}],"replies":[{"embeddable":true,"href":"https:\/\/arbori.net\/en\/wp-json\/wp\/v2\/comments?post=8"}],"version-history":[{"count":309,"href":"https:\/\/arbori.net\/en\/wp-json\/wp\/v2\/pages\/8\/revisions"}],"predecessor-version":[{"id":1639,"href":"https:\/\/arbori.net\/en\/wp-json\/wp\/v2\/pages\/8\/revisions\/1639"}],"wp:attachment":[{"href":"https:\/\/arbori.net\/en\/wp-json\/wp\/v2\/media?parent=8"}],"curies":[{"name":"wp","href":"https:\/\/api.w.org\/{rel}","templated":true}]}}