{"id":863,"date":"2025-08-13T05:51:21","date_gmt":"2025-08-13T05:51:21","guid":{"rendered":"https:\/\/arbori.tandem.ws\/?page_id=863"},"modified":"2026-02-10T09:51:38","modified_gmt":"2026-02-10T09:51:38","slug":"empresa","status":"publish","type":"page","link":"https:\/\/arbori.net\/en\/empresa\/","title":{"rendered":"Company"},"content":{"rendered":"<div class=\"gb-element-24e66b1e\">\n<div class=\"gb-element-394d09e6\">\n<div class=\"gb-element-84532ebd\" style=\"--inline-bg-image: url(https:\/\/arbori.net\/wp-content\/uploads\/2025\/12\/DSC0578.jpg)\"><\/div>\n<\/div>\n\n\n\n<div class=\"gb-element-8e23a280\">\n<img loading=\"lazy\" decoding=\"async\" width=\"170\" height=\"59\" class=\"gb-media-21927fa6\" alt=\"\" src=\"https:\/\/arbori.net\/wp-content\/uploads\/2025\/08\/fletxa_corva.svg\" title=\"curved_arrow\"\/>\n\n\n\n<h1 class=\"gb-text gb-text-e914b71e titol_2\">enric amaya<\/h1>\n\n\n\n<p class=\"gb-text gb-text-a583ed9c translation-block\">My passion for the world of arboriculture was born in childhood. Having grown up in a rural environment, from a young age I have carried out maintenance tasks in the forest where the family home was located, doing clearing work, cutting trees or producing firewood.<br>\n<br>\nThis daily contact with nature not only allowed me to develop my first skills, but also a deep sensitivity and respect for the natural environment.<br>\n<br>\nOver time, I transformed this passion into my work thanks to training in gardening, forest cleaning and maintenance of parks and green areas.<br>\n<br>\nIn addition, thanks to various training courses certified by the Spanish Association of Arboriculture (AEA), I have been able to continue specializing, orienting my activity towards arboriculture: training as a certified climber and combining forestry work with a continuous process of specialization.<br>\n<br>\nThe involvement in each project I am part of, the ability to face challenges with a decisive attitude and to aim to do the work with the highest possible quality, are part of my values.<br>\n<br>\nFor almost three years now I have set up my own company, being able to tackle both small interventions and larger projects, with a comprehensive vision of the tree, its health and its environment, offering my clients a wide range of services.<\/p>\n<\/div>\n<\/div>\n\n\n\n<div class=\"gb-element-8e270445\">\n<div class=\"gb-element-6a803924\">\n<h3 class=\"gb-text gb-text-afc70855\">Training<\/h3>\n\n\n\n<p class=\"gb-text gb-text-c45df99d translation-block\">\u2014 Gardening and maintenance of parks and green areas<br>\u2014 Iniciaci\u00f3 a la Trepa (Certificate by the AEA)<br>\u2014 Enfilada Avan\u00e7ada (Certificate by the AEA)<br>\u2014 Removals of trees (Certificate by the AEA)<br>\u2014 Poda per a Jardiners des de la Perspective de l'Arboricultura<br>\u2014 Rescat a Arboricultura (Certificate by the AEA)<br>\u2014 Tala Controlada per Sections (Certificate by the AEA)<br>\u2014 Course of preparation for the European Certificate of Motoserrista \u2013 ECC1 i ECC2<br>\u2014 Motoserra a Emergencies<br>\u2014 Identification of species of trees<br>\u2014 Basic Course of Vertical Treballs (certificate valid in Spanish territory)<br>\u2014 Certificate of Prevention by Riscos Laborals Gen\u00e8ric 60h (15-01-2024)<\/p>\n<\/div>\n\n\n\n<div class=\"gb-element-5affc2fd\">\n<h3 class=\"gb-text gb-text-7b1e37d3\">Services<\/h3>\n\n\n\n<p class=\"gb-text gb-text-052d3d2c translation-block\">\u2014 High-altitude pruning: With advanced climbing techniques, prioritizing the health of the tree and the safety of the environment.<br>\n\u2014 Controlled pruning: Applying safe methods to avoid damage to infrastructure or natural spaces.<br>\n\u2014 Risk management: Continuous assessment of risks associated with the stability and safety of trees.<br>\n\u2014 Emergency actions: Safe removal of trees in critical situations or after incidents.<br>\n\u2014 Pest and disease management: Identification of common pathologies, application of appropriate treatments and practices that strengthen the health of the tree.<br>\n\u2014 Assessment of the condition of the tree: Inspections to diagnose the general condition and decide on the best intervention.<\/p>\n<\/div>\n<\/div>\n\n\n\n<div class=\"gb-element-d8fac7f6\">\n<div>\n<p class=\"gb-text gb-text-c1739d4d translation-block\">After these years, at specific times I have had the opportunity to coordinate teams in projects that require more personnel, whether trained arborists or assistants for support tasks, so I feel prepared to tackle larger projects: from interventions of one or more days to jobs that last for weeks or months.<br>\n<br>\nMy goal is to continue consolidating and professionalizing my activity, building a solid foundation that allows me to take on larger and more stable jobs, incorporating staff on a permanent basis, with the aim of continuing to grow without losing the quality of the services I provide: always maintaining the commitment to excellence, sustainability and respect for trees and the environment.<\/p>\n<\/div>\n\n\n\n<div>\n<p class=\"gb-text gb-text-9d4d5d2f\">To continue this growth, I consider it essential to generate synergies with like-minded companies, such as New Ape, establishing stable, transparent and mutually beneficial collaborative relationships, which allow us to tackle new projects, improve efficiency and offer an even more complete and specialized service. I firmly believe that joint growth, based on trust and shared goals, is key to building a solid, prosperous and lasting professional future for all parties involved.<br><\/p>\n<\/div>\n<\/div>","protected":false},"excerpt":{"rendered":"<p>enric amaya La meva passi\u00f3 pel m\u00f3n de l&#8217;arboricultura neix a la inf\u00e0ncia. En haver-me criat en un entorn rural, des de jove, he realitzat tasques de manteniment al bosc on estava situada la casa familiar, fent feines de desbrossament, tall d&#8217;arbres o producci\u00f3 de llenya. Aquest contacte diari amb la natura no nom\u00e9s em &#8230; <a title=\"Company\" class=\"read-more\" href=\"https:\/\/arbori.net\/en\/empresa\/\" aria-label=\"Read more about Empresa\">Read more<\/a><\/p>","protected":false},"author":1,"featured_media":0,"parent":0,"menu_order":0,"comment_status":"closed","ping_status":"closed","template":"","meta":{"_acf_changed":false,"footnotes":""},"class_list":["post-863","page","type-page","status-publish"],"acf":[],"_links":{"self":[{"href":"https:\/\/arbori.net\/en\/wp-json\/wp\/v2\/pages\/863","targetHints":{"allow":["GET"]}}],"collection":[{"href":"https:\/\/arbori.net\/en\/wp-json\/wp\/v2\/pages"}],"about":[{"href":"https:\/\/arbori.net\/en\/wp-json\/wp\/v2\/types\/page"}],"author":[{"embeddable":true,"href":"https:\/\/arbori.net\/en\/wp-json\/wp\/v2\/users\/1"}],"replies":[{"embeddable":true,"href":"https:\/\/arbori.net\/en\/wp-json\/wp\/v2\/comments?post=863"}],"version-history":[{"count":65,"href":"https:\/\/arbori.net\/en\/wp-json\/wp\/v2\/pages\/863\/revisions"}],"predecessor-version":[{"id":1610,"href":"https:\/\/arbori.net\/en\/wp-json\/wp\/v2\/pages\/863\/revisions\/1610"}],"wp:attachment":[{"href":"https:\/\/arbori.net\/en\/wp-json\/wp\/v2\/media?parent=863"}],"curies":[{"name":"wp","href":"https:\/\/api.w.org\/{rel}","templated":true}]}}