{"id":1022,"date":"2025-08-14T06:09:42","date_gmt":"2025-08-14T06:09:42","guid":{"rendered":"https:\/\/arbori.tandem.ws\/?page_id=1022"},"modified":"2025-09-26T06:25:01","modified_gmt":"2025-09-26T06:25:01","slug":"politica-de-privacidad","status":"publish","type":"page","link":"https:\/\/arbori.net\/es\/politica-de-privacitat\/","title":{"rendered":"Pol\u00edtica de privacidad"},"content":{"rendered":"<div class=\"gb-element-b6855bdd\">\n<h2 class=\"gb-text\">Pol\u00edtica de privacidad<\/h2>\n\n\n\n<p class=\"gb-text\">INFORMACI\u00d3N AL USUARIO<br>ERIC AMAYA CALDAS, como Responsable del Tratamiento le informa que, seg\u00fan lo dispuesto en el Reglamento (UE) 2016\/679, de 27 de abril de 2016, de protecci\u00f3n de datos personales (RGPD), trataremos sus datos tal y como reflejamos en la presente Pol\u00edtica de Privacidad.<br>En esta Pol\u00edtica de Privacidad describimos c\u00f3mo recogemos sus datos personales y por qu\u00e9 los recogemos, qu\u00e9 hacemos con ellos, con quien los compartimos, c\u00f3mo los protegemos y sus opciones en cuanto al tratamiento de sus datos personales.<br>Esta Pol\u00edtica se aplica al tratamiento de sus datos personales recogidos por la empresa para la prestaci\u00f3n de sus servicios. Si acepta las medidas de esta Pol\u00edtica, acepta que tratemos sus datos personales como se define en esta Pol\u00edtica.<br>CONTACTO<br>Nombre comercial: ERIC AMAYA CALDAS<br>CIF: 41553366W<br>Domicilio social: Calle Sant Pere, 73, 17200 Palafrugell, Girona.<br>Tel\u00e9fono: 623061816<br>e-mail: info@arbori.net<br>PRINCIPIOS CLAVE<br>Siempre hemos estado comprometidos con prestar nuestros servicios con el mayor grado de calidad, lo que incluye tratar sus datos con seguridad y transparencia. Nuestros principios son:<br>Legalidad: S\u00f3lo recopilaremos sus Datos personales para fines espec\u00edficos, expl\u00edcitos y leg\u00edtimos.<br>Minimizaci\u00f3n de datos: Limitamos la recogida de datos de car\u00e1cter personal a lo estrictamente relevante y necesario para los fines para los que se han recopilado.<br>Limitaci\u00f3n de la Finalidad: S\u00f3lo recogeremos sus datos personales para los fines declarados y s\u00f3lo seg\u00fan sus deseos.<br>Precisi\u00f3n: Mantendremos sus datos personales exactos y actualizados.<br>Seguridad de los Datos: Aplicamos las medidas t\u00e9cnicas y organizativas adecuadas y proporcionales a los riesgos para garantizar que sus datos no sufran da\u00f1os, tales como divulgaci\u00f3n o acceso no autorizado, la destrucci\u00f3n accidental o il\u00edcita o su p\u00e9rdida accidental o alteraci\u00f3n y cualquier otra forma de tratamiento il\u00edcito.<br>Acceso y Rectificaci\u00f3n: Disponemos de medios para que acceda o rectifique sus datos cuando lo considere oportuno.<br>Conservaci\u00f3n: Conservemos sus datos personales de forma legal y apropiada y s\u00f3lo mientras es necesario para los fines para los que se han recopilado.<br>Las transferencias internacionales: cuando se d\u00e9 el caso de que sus datos vayan a ser transferidos fuera de la UE\/EEE se proteger\u00e1n adecuadamente.<br>Terceros: El acceso y transferencia de datos personales a terceros se llevan a cabo de acuerdo con las leyes y reglamentos aplicables y con las garant\u00edas contractuales adecuadas.<br>Marketing Directo y cookies: Cumplimos con la legislaci\u00f3n aplicable en materia de publicidad y cookies.<br>RECOGIDA Y TRATAMIENTO DE SUS DATOS PERSONALES<br>Los tipos de datos que se solicitan y tratan son:<br>Datos de car\u00e1cter identificativo, caracter\u00edsticas personales y circunstancias sociales.<br>Datos econ\u00f3micos, en su caso.<br>Tambi\u00e9n recogemos de forma autom\u00e1tica datos sobre su visita a nuestro sitio web seg\u00fan se describe en la secci\u00f3n \u201cUso de cookies\u201d m\u00e1s adelante.<br>Siempre que solicitemos sus Datos personales, le informaremos con claridad de qu\u00e9 datos personales recogemos y con qu\u00e9 fin. Por lo general, recogemos y tratamos sus datos personales con el prop\u00f3sito de:<br>Proporcionar informaci\u00f3n sobre nuestros productos y servicios.<br>Prestar nuestros servicios.<br>Responder a sus consultas y solicitudes.<br>LEGITIMIDAD<br>De acuerdo con la normativa de protecci\u00f3n de datos aplicable, sus datos personales pueden procesarse si:<br>Nos ha dado su consentimiento a efectos del tratamiento. Por supuesto, podr\u00e1 retirar su consentimiento en cualquier momento.<br>Es necesario para la prestaci\u00f3n de algunos de nuestros servicios mediante relaci\u00f3n contractual entre usted y nosotros.<br>Con este tratamiento, buscamos un inter\u00e9s leg\u00edtimo que no se vea menoscabado por sus derechos de privacidad. Este inter\u00e9s leg\u00edtimo se le comunicar\u00e1 debidamente en el aviso de privacidad relacionado con este tratamiento en particular.<br>Es requerido por la ley<br>SUS DERECHOS<br>En relaci\u00f3n con la recogida y tratamiento de sus datos personales, puede ponerse en contacto con nosotros en cualquier momento para:<br>Saber si tratamos sus datos personales.<br>Acceder a sus datos personales ya cualquier otra informaci\u00f3n indicada en el art\u00edculo 15.1 del RGPD.<br>Rectificar sus datos personales que sean inexactos o est\u00e9n incompletos de acuerdo con el art\u00edculo 16 del RGPD.<br>Suprimir sus datos personales de acuerdo con el art\u00edculo 17 del RGPD.<br>Limitar el tratamiento de sus datos personales de acuerdo con el art\u00edculo 18 del RGPD.<br>Solicitar la portabilidad de sus datos de acuerdo con el art\u00edculo 20 del RGPD.<br>Oponerse al tratamiento de sus datos personales de acuerdo con el art\u00edculo 21 del RGPD.<br>Si hubiera otorgado su consentimiento para alguna finalidad concreta, tendr\u00e1 derecho a retirar el consentimiento otorgado en cualquier momento, sin que ello afecte a la licitud del tratamiento basado en el consentimiento previo a su retirada. Para ejercitar sus derechos puede enviarnos una comunicaci\u00f3n a info@arbori.net.<br>INFORMACI\u00d3N LEGAL<br>Los requisitos de esta Pol\u00edtica complementan, y no reemplazan, cualquier otro requisito existente bajo la ley de protecci\u00f3n de datos aplicable, que ser\u00e1 la que prevalezca en cualquier caso.<br>Esta Pol\u00edtica est\u00e1 sujeta a revisiones peri\u00f3dicas y la empresa puede modificarla en cualquier momento. Cuando esto ocurra, le avisaremos de cualquier cambio y le pediremos que vuelva a leer la versi\u00f3n m\u00e1s reciente de nuestra Pol\u00edtica y que confirme su aceptaci\u00f3n.<br>INFORMACI\u00d3N DE INTER\u00c9S<br>Si quiere o necesita acceder a nuestras hojas de reclamaciones, s\u00f3lo tiene que ponerse en contacto con nosotros a trav\u00e9s del siguiente email: info@arbori.net y te daremos informaci\u00f3n detallada.<br>Asimismo, si necesita gestionar alg\u00fan tipo de queja, deber\u00e1 enviarnos un correo electr\u00f3nico a la misma direcci\u00f3n info@arbori.net para poder atenderla con la mayor celeridad posible.<\/p>\n<\/div>","protected":false},"excerpt":{"rendered":"<p>Pol\u00edtica de privacitat INFORMACI\u00d3 A L&#8217;USUARIERIC AMAYA CALDAS, com a Responsable del Tractament l&#8217;informa que, segons el que es disposa en el Reglament (UE) 2016\/679, de 27 d&#8217;abril de 2016, de protecci\u00f3 de dades personals (RGPD), tractarem la seva dades tal com reflectim en la present Pol\u00edtica de Privacitat.En aquesta Pol\u00edtica de Privacitat descrivim com &#8230; <a title=\"Pol\u00edtica de privacidad\" class=\"read-more\" href=\"https:\/\/arbori.net\/es\/politica-de-privacitat\/\" aria-label=\"Leer m\u00e1s sobre Pol\u00edtica de privacitat\">Leer m\u00e1s<\/a><\/p>","protected":false},"author":1,"featured_media":0,"parent":0,"menu_order":0,"comment_status":"closed","ping_status":"closed","template":"","meta":{"_acf_changed":false,"footnotes":""},"class_list":["post-1022","page","type-page","status-publish"],"acf":[],"_links":{"self":[{"href":"https:\/\/arbori.net\/es\/wp-json\/wp\/v2\/pages\/1022","targetHints":{"allow":["GET"]}}],"collection":[{"href":"https:\/\/arbori.net\/es\/wp-json\/wp\/v2\/pages"}],"about":[{"href":"https:\/\/arbori.net\/es\/wp-json\/wp\/v2\/types\/page"}],"author":[{"embeddable":true,"href":"https:\/\/arbori.net\/es\/wp-json\/wp\/v2\/users\/1"}],"replies":[{"embeddable":true,"href":"https:\/\/arbori.net\/es\/wp-json\/wp\/v2\/comments?post=1022"}],"version-history":[{"count":3,"href":"https:\/\/arbori.net\/es\/wp-json\/wp\/v2\/pages\/1022\/revisions"}],"predecessor-version":[{"id":1366,"href":"https:\/\/arbori.net\/es\/wp-json\/wp\/v2\/pages\/1022\/revisions\/1366"}],"wp:attachment":[{"href":"https:\/\/arbori.net\/es\/wp-json\/wp\/v2\/media?parent=1022"}],"curies":[{"name":"wp","href":"https:\/\/api.w.org\/{rel}","templated":true}]}}