{"id":8,"date":"2025-07-11T09:28:02","date_gmt":"2025-07-11T09:28:02","guid":{"rendered":"https:\/\/arbori.cat\/?page_id=8"},"modified":"2026-02-24T11:14:33","modified_gmt":"2026-02-24T11:14:33","slug":"inici","status":"publish","type":"page","link":"https:\/\/arbori.net\/es\/","title":{"rendered":"Inicio"},"content":{"rendered":"<div class=\"gb-element-7082ce22 alignfull\">\n<div class=\"gb-element-668672ad\" style=\"--inline-bg-image: url(https:\/\/arbori.net\/wp-content\/uploads\/2025\/12\/DSC2765.jpg)\"><\/div>\n\n\n\n<div class=\"gb-element-b57740b0\">\n<h1 class=\"gb-text titols\">Arboles y Bosques<\/h1>\n<\/div>\n<\/div>\n\n\n\n<div class=\"gb-element-a17c0fd8\">\n<div class=\"gb-element-68c2efdc\">\n<img loading=\"lazy\" decoding=\"async\" width=\"766\" height=\"483\" class=\"gb-media-0c263e89\" alt=\"\" src=\"https:\/\/arbori.net\/wp-content\/uploads\/2025\/09\/arbori_icones_arbres-02.svg\" title=\"arb\u00f3reo_iconos_\u00e1rboles-02\"\/>\n<\/div>\n\n\n\n<div class=\"gb-element-4a19e923\">\n<h3 class=\"gb-text titol_2\">SERVICIOS DE ARBORICULTURA Y<br>TRABAJOS FORESTALES<\/h3>\n\n\n\n<p class=\"gb-text gb-text-a2126f7e\">Poda de \u00e1rboles<br>Especialistas en poda de altura y talas controladas<br>Sustentaciones artificiales de \u00e1rboles<br>Eliminaci\u00f3n segura de \u00e1rboles peligrosos<br>Retirada de urgencia de \u00e1rboles ca\u00eddos<br>Gesti\u00f3n de plagas y enfermedades<br>Limpieza y gesti\u00f3n sostenible de bosques y fincas r\u00fasticas<br>Conservaci\u00f3n de microfauna<br>Tala selectiva de \u00e1rboles<\/p>\n<\/div>\n<\/div>\n\n\n\n<div class=\"gb-element-2ca5ede6\" id=\"serveis\">\n<a class=\"gb-element-1b1d4e59 link_banner\" style=\"--inline-bg-image: url(https:\/\/arbori.net\/wp-content\/uploads\/2025\/07\/getty-images-wW5MEobsNSg-unsplash.jpg)\" href=\"https:\/\/arbori.net\/es\/servei\/poda-de-arboles\/\">\n<div class=\"gb-element-6bc44fab\">\n<h4 class=\"gb-text gb-text-b63e6e72\">PODA DE ARBOLES<br><\/h4>\n<\/div>\n<\/a>\n\n\n\n<a class=\"gb-element-0ef7315b link_banner\" style=\"--inline-bg-image: url(https:\/\/arbori.net\/wp-content\/uploads\/2025\/07\/getty-images-wW5MEobsNSg-unsplash.jpg)\" href=\"https:\/\/arbori.net\/es\/servei\/arboricultura\/\">\n<div class=\"gb-element-f1480a3d\">\n<h4 class=\"gb-text gb-text-740a0317\">ARBORICULTURA<br><\/h4>\n<\/div>\n<\/a>\n\n\n\n<a class=\"gb-element-6f5f46f7 link_banner\" style=\"--inline-bg-image: url(https:\/\/arbori.net\/wp-content\/uploads\/2025\/07\/getty-images-wW5MEobsNSg-unsplash.jpg)\" href=\"https:\/\/arbori.net\/es\/servei\/gestio-forestal\/\">\n<div class=\"gb-element-37dfaf69\">\n<h4 class=\"gb-text gb-text-863fab30\">BOSQUES<br><\/h4>\n<\/div>\n<\/a>\n<\/div>\n\n\n\n\n\n<div class=\"gb-element-3826d755\">\n<div class=\"gb-element-506ff4ff\">\n<h4 class=\"gb-text\">Evaluaci\u00f3n del estado de los \u00e1rboles<\/h4>\n\n\n\n<p>Hacemos inspecciones a fondo para ver c\u00f3mo est\u00e1 cada \u00e1rbol: salud, estabilidad y posibles riesgos. Si el cliente lo desea, preparamos informes explicando los trabajos realizados o detectando problemas con recomendaciones claras de c\u00f3mo actuar.<br><\/p>\n\n\n\n<h4 class=\"gb-text\">Mejora del suelo y las ra\u00edces<\/h4>\n\n\n\n<p>La salud del \u00e1rbol comienza bajo tierra. Por eso utilizamos t\u00e9cnicas como descompactar y airear el suelo, limpiar el entorno de las ra\u00edces y aplicar micorrizas, tricodermas y materia org\u00e1nica para que las ra\u00edces se fortalezcan y absorban mejor los nutrientes.<\/p>\n\n\n\n<h4 class=\"gb-text\">Prevenci\u00f3n y control de plagas y enfermedades<\/h4>\n\n\n\n<p>Cada caso es distinto. Podemos realizar tratamientos fitosanitarios autorizados o aplicar soluciones ecol\u00f3gicas como la lucha biol\u00f3gica. Siempre intentamos actuar antes de que el problema se haga mayor.<\/p>\n\n\n\n<h4 class=\"gb-text\">Podas en altura<\/h4>\n\n\n\n<p>Trabajamos con t\u00e9cnicas de cuerdas, sin maquinaria pesada. Podemos realizar podas de seguridad, limpiar ramas secas o enfermas, recortar puntualmente la copa o evitar que toquen casas, cables o lindes de parcela. Cada poda se realiza con criterio t\u00e9cnico y pensando en conservar el \u00e1rbol.<\/p>\n\n\n\n<h4 class=\"gb-text\">Tala controlada con seguridad<\/h4>\n\n\n\n<p>Cuando no hay m\u00e1s remedio (por riesgo o deterioro grave), cortamos el \u00e1rbol de forma controlada y segura, por secciones si fuera necesario. Siempre con permiso del ayuntamiento y bien justificado.<\/p>\n<\/div>\n\n\n\n<div class=\"gb-element-2df496d9\">\n<div class=\"gb-element-25cda70c\">\n<h3 class=\"gb-text gb-text-877afc00 titol_2\">Metodolog\u00eda<br>de trabajo<\/h3>\n\n\n\n<img loading=\"lazy\" decoding=\"async\" width=\"170\" height=\"59\" class=\"gb-media-bbf6d3cb\" alt=\"\" src=\"https:\/\/arbori.net\/wp-content\/uploads\/2025\/08\/fletxa_corva_avall.svg\" title=\"flecha_curva_abajo\"\/>\n<\/div>\n\n\n\n<img loading=\"lazy\" decoding=\"async\" width=\"216\" height=\"466\" class=\"gb-media-f4fa66f5\" alt=\"\" src=\"https:\/\/arbori.net\/wp-content\/uploads\/2025\/09\/arbori_icones_arbres-01.svg\" title=\"arbori_icones_arbres-01\"\/>\n<\/div>\n<\/div>","protected":false},"excerpt":{"rendered":"<p>Arbres i Boscos SERVEIS D\u2019ARBORICULTURA ITREBALLS FORESTALS Poda d\u2019arbresEspecialistes en poda d\u2019al\u00e7ada i tales controladesSustentacions artificials d\u2019arbresEliminaci\u00f3 segura d\u2019arbres perillososRetirada d\u2019urg\u00e8ncia d\u2019arbres caigutsGesti\u00f3 de plagues i malaltiesNeteja i Gesti\u00f3 sostenible de boscos i finques r\u00fastiquesConservaci\u00f3 de microfaunaTala selectiva d\u2019arbres PODA D&#8217;ARBRES ARBORICULTURA BOSCOS Ens dediquem a cuidar els arbres de manera professional, tant en zones &#8230; <a title=\"Inicio\" class=\"read-more\" href=\"https:\/\/arbori.net\/es\/\" aria-label=\"Leer m\u00e1s sobre Inicio\">Leer m\u00e1s<\/a><\/p>","protected":false},"author":1,"featured_media":0,"parent":0,"menu_order":0,"comment_status":"closed","ping_status":"closed","template":"","meta":{"_acf_changed":false,"footnotes":""},"class_list":["post-8","page","type-page","status-publish"],"acf":[],"_links":{"self":[{"href":"https:\/\/arbori.net\/es\/wp-json\/wp\/v2\/pages\/8","targetHints":{"allow":["GET"]}}],"collection":[{"href":"https:\/\/arbori.net\/es\/wp-json\/wp\/v2\/pages"}],"about":[{"href":"https:\/\/arbori.net\/es\/wp-json\/wp\/v2\/types\/page"}],"author":[{"embeddable":true,"href":"https:\/\/arbori.net\/es\/wp-json\/wp\/v2\/users\/1"}],"replies":[{"embeddable":true,"href":"https:\/\/arbori.net\/es\/wp-json\/wp\/v2\/comments?post=8"}],"version-history":[{"count":309,"href":"https:\/\/arbori.net\/es\/wp-json\/wp\/v2\/pages\/8\/revisions"}],"predecessor-version":[{"id":1639,"href":"https:\/\/arbori.net\/es\/wp-json\/wp\/v2\/pages\/8\/revisions\/1639"}],"wp:attachment":[{"href":"https:\/\/arbori.net\/es\/wp-json\/wp\/v2\/media?parent=8"}],"curies":[{"name":"wp","href":"https:\/\/api.w.org\/{rel}","templated":true}]}}