{"id":863,"date":"2025-08-13T05:51:21","date_gmt":"2025-08-13T05:51:21","guid":{"rendered":"https:\/\/arbori.tandem.ws\/?page_id=863"},"modified":"2026-02-10T09:51:38","modified_gmt":"2026-02-10T09:51:38","slug":"empresa","status":"publish","type":"page","link":"https:\/\/arbori.net\/es\/empresa\/","title":{"rendered":"Empresa"},"content":{"rendered":"<div class=\"gb-element-24e66b1e\">\n<div class=\"gb-element-394d09e6\">\n<div class=\"gb-element-84532ebd\" style=\"--inline-bg-image: url(https:\/\/arbori.net\/wp-content\/uploads\/2025\/12\/DSC0578.jpg)\"><\/div>\n<\/div>\n\n\n\n<div class=\"gb-element-8e23a280\">\n<img loading=\"lazy\" decoding=\"async\" width=\"170\" height=\"59\" class=\"gb-media-21927fa6\" alt=\"\" src=\"https:\/\/arbori.net\/wp-content\/uploads\/2025\/08\/fletxa_corva.svg\" title=\"flecha_curva\"\/>\n\n\n\n<h1 class=\"gb-text gb-text-e914b71e titol_2\">enric amaya<\/h1>\n\n\n\n<p class=\"gb-text gb-text-a583ed9c translation-block\">Mi pasi\u00f3n por el mundo de la arboricultura nace en la infancia. Al haberme criado en un entorno rural, desde joven, he realizado tareas de mantenimiento en el bosque donde estaba ubicada la casa familiar, haciendo trabajos de desbroce, corte de \u00e1rboles o producci\u00f3n de le\u00f1a.<br>\n<br>\nEste contacto diario con la naturaleza no s\u00f3lo me permiti\u00f3 desarrollar mis primeras habilidades, sino tambi\u00e9n una profunda sensibilidad y respeto hacia el medio natural.<br>\n<br>\nCon el paso del tiempo transform\u00e9 esta pasi\u00f3n en mi trabajo gracias a formaciones en jardiner\u00eda, limpieza forestal y mantenimiento de parques y zonas verdes.<br>\n<br>\nAdem\u00e1s, gracias a diversas formaciones certificadas por la Asociaci\u00f3n Espa\u00f1ola de Arboricultura (AEA), he podido continuar especializ\u00e1ndome, orientando la actividad hacia la arboricultura: form\u00e1ndome como trepador certificado y combinando trabajos forestales con un proceso continuo de especializaci\u00f3n.<br>\n<br>\nLa implicaci\u00f3n en cada proyecto del que formo parte, la capacidad de enfrentarme a los retos con actitud resolutiva y tener como objetivo realizar el trabajo con la m\u00e1xima calidad posible, forman parte de mis valores.<br>\n<br>\nDesde hace casi tres a\u00f1os he constituido mi propia empresa, siendo capaz de abordar tan peque\u00f1as intervenciones como proyectos de mayor envergadura, con una visi\u00f3n integral del \u00e1rbol, la salud y su entorno, ofreciendo a mis clientes un amplio abanico de servicios.<\/p>\n<\/div>\n<\/div>\n\n\n\n<div class=\"gb-element-8e270445\">\n<div class=\"gb-element-6a803924\">\n<h3 class=\"gb-text gb-text-afc70855\">Formaci\u00f3n<\/h3>\n\n\n\n<p class=\"gb-text gb-text-c45df99d translation-block\">\u2014 Jardiner\u00eda y mantenimiento de parques y zonas verdes<br>\u2014 Iniciaci\u00f3 a la Trepa (Certificado por la AEA)<br>\u2014 Enfilada Avan\u00e7ada (Certificado por la AEA)<br>\u2014 Eliminaciones de \u00e1rboles (Certificado por la AEA)<br>\u2014 Poda per a Jardiners des de la Perspective de l'Arboricultura<br>\u2014 Rescat a Arboricultura (Certificado por la AEA)<br>\u2014 Tala Controlada por Secciones (Certificado por la AEA)<br>\u2014Curso de preparaci\u00f3n para el Certificado Europeo de Motoserrista \u2013 ECC1 i ECC2<br>\u2014 Motoserra a Emergencias<br>\u2014Identificaci\u00f3n de especies de \u00e1rboles<br>\u2014Curso B\u00e1sico de Treballs Verticales (certificado v\u00e1lido en territorio espa\u00f1ol)<br>\u2014Certificado de Prevenci\u00f3n por Riscos Laborals Gen\u00e8ric 60h (15-01-2024)<\/p>\n<\/div>\n\n\n\n<div class=\"gb-element-5affc2fd\">\n<h3 class=\"gb-text gb-text-7b1e37d3\">Servicios<\/h3>\n\n\n\n<p class=\"gb-text gb-text-052d3d2c translation-block\">\u2014 Poda en altura: Amb t\u00e8cniques de grimpa avan\u00e7ades, prioritzant la sanitat de l'arbre i la seguretat de l'entorn.<br>\n\u2014 Tales controlades: Aplicant m\u00e8todes segurs per evitar danys a infraestructures o espais naturals.<br>\n\u2014 Gesti\u00f3 de riscos: Avaluaci\u00f3 continuada de riscos related a l'estabilitat i seguretat dels arbres.<br>\n\u2014 Actuacions en emerg\u00e8ncia: retirada segura d'arbres en situaciones cr\u00edticas o despu\u00e9s de incidentes.<br>\n\u2014 Gesti\u00f3 de plagues i malalties: Identificaci\u00f3 de patologies comunes, aplicaci\u00f3 de tractaments adecuados in de pr\u00e0ctiques que reforcin la salut de l'arbre.<br>\n\u2014 Evaluaci\u00f3 de l'estat de l'arbrat: Inspecciones por diagnosticar El estado general decide la mejor intervenci\u00f3n.<\/p>\n<\/div>\n<\/div>\n\n\n\n<div class=\"gb-element-d8fac7f6\">\n<div>\n<p class=\"gb-text gb-text-c1739d4d translation-block\">Despr\u00e9s d\u2019aquests anys, en moments puntuals he tingut l\u2019oportunitat de coordinar equips en projectes que requereixen m\u00e9s personal, siguin arboristes formats o ajudants per a tasques de suport, per la qual cosa em sento preparat per afrontar projectes de m\u00e9s envergadura: des d\u2019intervencions d\u2019un o m\u00e9s dies fins a feines que es prolonguin durant setmanes o mesos.<br><br>El meu objectiu \u00e9s continuar consolidant i professionalitzant la meva activitat, construint una base s\u00f2lida que em permeti assumir feines m\u00e9s grans i estables, incorporant personal de manera permanent, amb l\u2019objectiu de continuar creixent sense perdre la qualitat en els serveis que presto: mantenint sempre el comprom\u00eds amb l\u2019excel\u00b7l\u00e8ncia, la sostenibilitat i el respecte pels arbres i l\u2019entorn.<\/p>\n<\/div>\n\n\n\n<div>\n<p class=\"gb-text gb-text-9d4d5d2f\">Para continuar con este crecimiento, considero esencial generar sinergias con empresas afines como New Ape, estableciendo relaciones de colaboraci\u00f3n estables, transparentes y mutuamente beneficiosas, que nos permitan afrontar nuevos proyectos, mejorar la eficiencia y ofrecer un servicio a\u00fan m\u00e1s completo y especializado. Creo firmemente que el crecimiento conjunto, basado en la confianza y objetivos compartidos, es clave para construir un futuro profesional s\u00f3lido, pr\u00f3spero y duradero para todas las partes implicadas.<br><\/p>\n<\/div>\n<\/div>","protected":false},"excerpt":{"rendered":"<p>enric amaya La meva passi\u00f3 pel m\u00f3n de l&#8217;arboricultura neix a la inf\u00e0ncia. En haver-me criat en un entorn rural, des de jove, he realitzat tasques de manteniment al bosc on estava situada la casa familiar, fent feines de desbrossament, tall d&#8217;arbres o producci\u00f3 de llenya. Aquest contacte diari amb la natura no nom\u00e9s em &#8230; <a title=\"Empresa\" class=\"read-more\" href=\"https:\/\/arbori.net\/es\/empresa\/\" aria-label=\"Leer m\u00e1s sobre Empresa\">Leer m\u00e1s<\/a><\/p>","protected":false},"author":1,"featured_media":0,"parent":0,"menu_order":0,"comment_status":"closed","ping_status":"closed","template":"","meta":{"_acf_changed":false,"footnotes":""},"class_list":["post-863","page","type-page","status-publish"],"acf":[],"_links":{"self":[{"href":"https:\/\/arbori.net\/es\/wp-json\/wp\/v2\/pages\/863","targetHints":{"allow":["GET"]}}],"collection":[{"href":"https:\/\/arbori.net\/es\/wp-json\/wp\/v2\/pages"}],"about":[{"href":"https:\/\/arbori.net\/es\/wp-json\/wp\/v2\/types\/page"}],"author":[{"embeddable":true,"href":"https:\/\/arbori.net\/es\/wp-json\/wp\/v2\/users\/1"}],"replies":[{"embeddable":true,"href":"https:\/\/arbori.net\/es\/wp-json\/wp\/v2\/comments?post=863"}],"version-history":[{"count":65,"href":"https:\/\/arbori.net\/es\/wp-json\/wp\/v2\/pages\/863\/revisions"}],"predecessor-version":[{"id":1610,"href":"https:\/\/arbori.net\/es\/wp-json\/wp\/v2\/pages\/863\/revisions\/1610"}],"wp:attachment":[{"href":"https:\/\/arbori.net\/es\/wp-json\/wp\/v2\/media?parent=863"}],"curies":[{"name":"wp","href":"https:\/\/api.w.org\/{rel}","templated":true}]}}