{"id":1018,"date":"2025-08-14T06:06:51","date_gmt":"2025-08-14T06:06:51","guid":{"rendered":"https:\/\/arbori.tandem.ws\/?page_id=1018"},"modified":"2025-09-26T06:23:07","modified_gmt":"2025-09-26T06:23:07","slug":"avis-legal","status":"publish","type":"page","link":"https:\/\/arbori.net\/fr\/avis-legal\/","title":{"rendered":"Mentions l\u00e9gales"},"content":{"rendered":"<div class=\"gb-element-79b94631\">\n<h2 class=\"gb-text\">Mentions l\u00e9gales<\/h2>\n\n\n\n<p class=\"gb-text\">Mentions l\u00e9gales<br>DROIT DES SERVICES DE LA SOCI\u00c9T\u00c9 DE L&#039;INFORMATION (LSSI)<br>ERIC AMAYA CALDAS, responsable du site Web, ci-apr\u00e8s RESPONSABLE, met \u00e0 la disposition des utilisateurs ce document, avec lequel il entend se conformer aux obligations pr\u00e9vues par la loi 34\/2002, du 11 juillet, sur les services de la soci\u00e9t\u00e9 de l&#039;information et du commerce \u00e9lectronique (LSSICE), ainsi qu&#039;informer tous les utilisateurs du site Web des conditions d&#039;utilisation.<br>Toute personne qui acc\u00e8de \u00e0 ce site Web assume le r\u00f4le d&#039;utilisateur, s&#039;engageant \u00e0 respecter strictement les dispositions \u00e9nonc\u00e9es ici, ainsi que toute autre disposition l\u00e9gale \u00e9ventuellement applicable.<br>DONN\u00c9ES D&#039;IDENTIFICATION<br>Nom commercial : ERIC AMAYA CALDAS<br>Num\u00e9ro de TVA : 41553366W<br>Si\u00e8ge social : Carrer Sant Pere, 73, 17200 Palafrugell, G\u00e9rone.<br>T\u00e9l\u00e9phone : 623061816<br>Courriel : info@arbori.net<br>OBJET<br>Gr\u00e2ce au Site Web, nous offrons aux Utilisateurs la possibilit\u00e9 d&#039;acc\u00e9der \u00e0 des informations sur nos services.<br>CONFIDENTIALIT\u00c9 ET TRAITEMENT DES DONN\u00c9ES<br>Lorsqu&#039;il est n\u00e9cessaire de fournir des donn\u00e9es personnelles pour acc\u00e9der \u00e0 certains contenus ou services, les utilisateurs garantissent leur v\u00e9racit\u00e9, leur exactitude, leur authenticit\u00e9 et leur validit\u00e9. L&#039;entreprise traitera ces donn\u00e9es de mani\u00e8re automatis\u00e9e, en fonction de leur nature ou de leur finalit\u00e9, conform\u00e9ment aux conditions indiqu\u00e9es dans la section Politique de confidentialit\u00e9.<br>PROPRI\u00c9T\u00c9 INDUSTRIELLE ET INTELLECTUELLE<br>L&#039;Utilisateur reconna\u00eet et accepte que tous les contenus affich\u00e9s sur l&#039;Espace Web, et notamment les dessins, textes, images, logos, ic\u00f4nes, boutons, logiciels, noms commerciaux, marques ou tout autre signe susceptible d&#039;utilisation industrielle et\/ou commerciale, sont prot\u00e9g\u00e9s par des droits de propri\u00e9t\u00e9 intellectuelle. Toutes les marques, noms commerciaux ou signes distinctifs, ainsi que tous les droits de propri\u00e9t\u00e9 industrielle et intellectuelle sur les contenus et\/ou tout autre \u00e9l\u00e9ment ins\u00e9r\u00e9 sur la page, appartiennent exclusivement \u00e0 la soci\u00e9t\u00e9 et\/ou \u00e0 des tiers, titulaires du droit exclusif de les utiliser \u00e0 des fins commerciales. \u00c0 cet \u00e9gard, l&#039;Utilisateur s&#039;engage \u00e0 ne pas reproduire, copier, distribuer, mettre \u00e0 disposition ni communiquer publiquement, transformer ou modifier de quelque mani\u00e8re que ce soit ces contenus, d\u00e9gageant ainsi la soci\u00e9t\u00e9 de toute responsabilit\u00e9 en cas de manquement \u00e0 ces obligations. L&#039;acc\u00e8s \u00e0 l&#039;Espace Web n&#039;implique en aucun cas une quelconque renonciation, transmission, licence ou cession totale ou partielle de ces droits, sauf disposition expresse contraire. Les pr\u00e9sentes Conditions G\u00e9n\u00e9rales d&#039;Utilisation de l&#039;Espace Web n&#039;accordent aux Utilisateurs aucun autre droit d&#039;utilisation, de modification, d&#039;exploitation, de reproduction, de distribution ou de communication publique de l&#039;Espace Web et\/ou de son Contenu, autre que ceux express\u00e9ment pr\u00e9vus aux pr\u00e9sentes. Toute autre utilisation ou exploitation de droits sera soumise \u00e0 l&#039;autorisation pr\u00e9alable et expresse sp\u00e9cifiquement accord\u00e9e \u00e0 cet effet par la soci\u00e9t\u00e9 ou le tiers titulaire des droits concern\u00e9s. Les contenus, textes, photographies, dessins, logos, images, programmes informatiques, codes sources et, en g\u00e9n\u00e9ral, toute cr\u00e9ation intellectuelle pr\u00e9sente dans cet Espace, ainsi que l&#039;Espace lui-m\u00eame dans son ensemble, en tant qu&#039;\u0153uvre artistique multim\u00e9dia, sont prot\u00e9g\u00e9s par la l\u00e9gislation sur la propri\u00e9t\u00e9 intellectuelle. La soci\u00e9t\u00e9 est propri\u00e9taire des \u00e9l\u00e9ments composant la conception graphique de l&#039;Espace Web, les menus, les boutons de navigation, le code HTML, les textes, les images, les textures, les graphiques et tout autre contenu de l&#039;Espace Web ou, dans tous les cas, dispose de l&#039;autorisation correspondante pour l&#039;utilisation de ces \u00e9l\u00e9ments. Le contenu de l&#039;Espace Web ne peut \u00eatre reproduit, en tout ou en partie, ni transmis, ni enregistr\u00e9 par un syst\u00e8me de recherche d&#039;informations, sous quelque forme ou par quelque moyen que ce soit, sans l&#039;autorisation pr\u00e9alable \u00e9crite de l&#039;Entit\u00e9 susmentionn\u00e9e. Il est \u00e9galement interdit de supprimer, contourner et\/ou manipuler le droit d&#039;auteur, ainsi que les dispositifs techniques de protection ou tout autre m\u00e9canisme d&#039;information pouvant contenir le contenu. L&#039;Utilisateur de ce Site Web s&#039;engage \u00e0 respecter les droits \u00e9nonc\u00e9s et \u00e0 \u00e9viter toute action susceptible de leur porter atteinte, la soci\u00e9t\u00e9 se r\u00e9servant le droit d&#039;exercer tous les moyens l\u00e9gaux ou actions qui lui sont propres pour d\u00e9fendre ses droits l\u00e9gitimes de propri\u00e9t\u00e9 intellectuelle et industrielle.<br>OBLIGATIONS ET RESPONSABILIT\u00c9S DE L&#039;UTILISATEUR DE L&#039;ESPACE WEB<br>L&#039;Utilisateur s&#039;engage \u00e0 :<br>Faire un usage appropri\u00e9 et licite de l&#039;Espace Web ainsi que des contenus et services, conform\u00e9ment \u00e0 : (i) la l\u00e9gislation applicable \u00e0 tout moment ; (ii) les Conditions G\u00e9n\u00e9rales d&#039;Utilisation de l&#039;Espace Web ; (iii) les bonnes m\u0153urs et les bonnes m\u0153urs g\u00e9n\u00e9ralement accept\u00e9es et (iv) l&#039;ordre public.<br>Munissez-vous de tous les moyens et pr\u00e9requis techniques n\u00e9cessaires pour acc\u00e9der \u00e0 l&#039;Espace Web.<br>Veuillez fournir des informations v\u00e9ridiques lorsque vous remplissez les formulaires de l&#039;Espace Web avec vos donn\u00e9es personnelles et les tenir \u00e0 jour en permanence afin qu&#039;elles correspondent \u00e0 la situation r\u00e9elle de l&#039;Utilisateur. L&#039;Utilisateur sera seul responsable de toute fausse d\u00e9claration ou inexactitude et de tout dommage caus\u00e9 \u00e0 l&#039;entreprise ou \u00e0 des tiers du fait des informations fournies.<br>Toutefois, comme \u00e9tabli dans la section pr\u00e9c\u00e9dente, l&#039;Utilisateur doit \u00e9galement s&#039;abstenir de :<br>Faire un usage non autoris\u00e9 ou frauduleux de l&#039;Espace Web et\/ou des contenus \u00e0 des fins ou effets illicites, interdits dans les pr\u00e9sentes Conditions G\u00e9n\u00e9rales d&#039;Utilisation, pr\u00e9judiciables aux droits et int\u00e9r\u00eats de tiers, ou qui de quelque mani\u00e8re que ce soit peuvent endommager, d\u00e9sactiver, surcharger, d\u00e9t\u00e9riorer ou emp\u00eacher l&#039;utilisation normale des services ou des documents, fichiers et toutes sortes de contenus stock\u00e9s sur tout \u00e9quipement informatique.<br>Acc\u00e9der ou tenter d&#039;acc\u00e9der \u00e0 des ressources ou zones restreintes de l&#039;Espace Web, sans respecter les conditions requises pour cet acc\u00e8s.<br>Causer des dommages aux syst\u00e8mes physiques ou logiques de l&#039;Espace Web, de ses fournisseurs ou de tiers.<br>Introduire ou diffuser sur le r\u00e9seau des virus informatiques ou tout autre syst\u00e8me physique ou logique susceptible de causer des dommages aux syst\u00e8mes physiques ou logiques de l&#039;entreprise, des fournisseurs ou de tiers.<br>Tenter d&#039;acc\u00e9der, d&#039;utiliser et\/ou de manipuler les donn\u00e9es de l&#039;entreprise, des fournisseurs tiers et d&#039;autres utilisateurs.<br>Reproduire ou copier, distribuer, permettre l&#039;acc\u00e8s public \u00e0 travers toute forme de communication publique, transformer ou modifier le contenu, sauf si vous disposez de l&#039;autorisation du titulaire des droits correspondants ou si cela est l\u00e9galement autoris\u00e9.<br>Supprimer, masquer ou manipuler les notes sur les droits de propri\u00e9t\u00e9 intellectuelle ou industrielle et autres donn\u00e9es d&#039;identification des droits de l&#039;entreprise ou de tiers incorpor\u00e9es dans les contenus, ainsi que les dispositifs techniques de protection ou tout m\u00e9canisme d&#039;information pouvant \u00eatre ins\u00e9r\u00e9s dans les contenus.<br>Obtenir et tenter d&#039;obtenir les contenus en utilisant des moyens ou des proc\u00e9dures autres que ceux qui, selon le cas, ont \u00e9t\u00e9 mis \u00e0 votre disposition \u00e0 cet effet ou ont \u00e9t\u00e9 express\u00e9ment indiqu\u00e9s sur les pages Web o\u00f9 se trouvent les contenus ou, en g\u00e9n\u00e9ral, ceux qui sont commun\u00e9ment utilis\u00e9s sur Internet afin de ne pas entra\u00eener de risque de dommage ou d&#039;inutilisabilit\u00e9 de l&#039;Espace Web et\/ou des contenus.<br>En particulier, et \u00e0 titre illustratif uniquement et non exhaustif, l&#039;Utilisateur s&#039;engage \u00e0 ne pas transmettre, diffuser ou mettre \u00e0 disposition de tiers des informations, donn\u00e9es, contenus, messages, graphiques, dessins, fichiers sonores et\/ou d&#039;images, photographies, enregistrements, logiciels et, en g\u00e9n\u00e9ral, tout type de mat\u00e9riel qui : De quelque mani\u00e8re que ce soit, soit contraire, d\u00e9nigre ou porte atteinte aux droits fondamentaux et aux libert\u00e9s publiques reconnus constitutionnellement, dans les trait\u00e9s internationaux et dans le reste de la l\u00e9gislation en vigueur.<br>Incite, incite ou favorise des actions criminelles, d\u00e9nigrantes, diffamatoires, violentes ou, en g\u00e9n\u00e9ral, contraires \u00e0 la loi, aux bonnes m\u0153urs, aux bonnes m\u0153urs g\u00e9n\u00e9ralement accept\u00e9es ou \u00e0 l&#039;ordre public.<br>Inciter, inciter ou promouvoir des actions, des attitudes ou des pens\u00e9es discriminatoires fond\u00e9es sur le sexe, la race, la religion, les croyances, l\u2019\u00e2ge ou la condition.<br>Incorpore, met \u00e0 disposition ou permet l&#039;acc\u00e8s \u00e0 des produits, \u00e9l\u00e9ments, messages et\/ou services criminels, violents, offensants, nuisibles, d\u00e9gradants ou, de mani\u00e8re g\u00e9n\u00e9rale, contraires \u00e0 la loi, aux bonnes m\u0153urs et aux bonnes m\u0153urs ou \u00e0 l&#039;ordre public. Provoque ou est susceptible de provoquer un \u00e9tat d&#039;anxi\u00e9t\u00e9 ou de peur inacceptable.<br>Incite ou incite \u00e0 se livrer \u00e0 des pratiques dangereuses, risqu\u00e9es ou n\u00e9fastes pour la sant\u00e9 et l\u2019\u00e9quilibre mental.<br>Elle est prot\u00e9g\u00e9e par la l\u00e9gislation sur la protection intellectuelle ou industrielle appartenant \u00e0 l&#039;entreprise ou \u00e0 des tiers sans que l&#039;utilisation pr\u00e9vue ait \u00e9t\u00e9 autoris\u00e9e.<br>Cela est contraire \u00e0 l\u2019honneur, \u00e0 la vie priv\u00e9e personnelle et familiale ou \u00e0 l\u2019image que les gens ont d\u2019eux-m\u00eames.<br>Il s\u2019agit de tout type de publicit\u00e9.<br>Inclure tout type de virus ou de programme emp\u00eachant le fonctionnement normal de l&#039;Espace Web.<br>Si, pour acc\u00e9der \u00e0 certains services et\/ou contenus de l&#039;Espace Web, un mot de passe vous est fourni, vous \u00eates tenu de l&#039;utiliser avec diligence et de le garder secret \u00e0 tout moment. Par cons\u00e9quent, vous \u00eates responsable de sa conservation et de sa confidentialit\u00e9, vous engageant \u00e0 ne pas le c\u00e9der \u00e0 des tiers, ni temporairement ni d\u00e9finitivement, ni \u00e0 permettre l&#039;acc\u00e8s \u00e0 ces services et\/ou contenus \u00e0 des personnes non autoris\u00e9es. De m\u00eame, vous \u00eates tenu d&#039;informer l&#039;entreprise de tout \u00e9v\u00e9nement pouvant entra\u00eener une utilisation abusive de votre mot de passe, tel que, mais sans s&#039;y limiter, son vol, sa perte ou un acc\u00e8s non autoris\u00e9, afin de proc\u00e9der \u00e0 son annulation imm\u00e9diate. Par cons\u00e9quent, jusqu&#039;\u00e0 cette notification, l&#039;entreprise sera exon\u00e9r\u00e9e de toute responsabilit\u00e9 pouvant d\u00e9couler d&#039;une utilisation abusive de votre mot de passe, \u00e9tant responsable de toute utilisation illicite des contenus et\/ou services de l&#039;Espace Web par un tiers ill\u00e9gitime. En cas de manquement, par n\u00e9gligence ou intentionnel, \u00e0 l&#039;une des obligations stipul\u00e9es dans les pr\u00e9sentes Conditions G\u00e9n\u00e9rales d&#039;Utilisation, vous serez responsable de tous les dommages et pertes que l&#039;entreprise pourrait subir du fait de ce manquement.<br>RESPONSABILIT\u00c9S<br>L&#039;acc\u00e8s continu n&#039;est pas garanti, ni la visualisation, le t\u00e9l\u00e9chargement ou l&#039;utilit\u00e9 corrects des \u00e9l\u00e9ments et informations contenus sur le site Web, qui peuvent \u00eatre emp\u00each\u00e9s, entrav\u00e9s ou interrompus par des facteurs ou des circonstances ind\u00e9pendants de sa volont\u00e9.<br>Le service peut \u00eatre interrompu, ou la relation avec l&#039;Utilisateur peut \u00eatre imm\u00e9diatement r\u00e9sili\u00e9e, s&#039;il est d\u00e9tect\u00e9 que l&#039;utilisation de son Site Web, ou de l&#039;un des services qui y sont propos\u00e9s, est contraire aux pr\u00e9sentes Conditions G\u00e9n\u00e9rales d&#039;Utilisation.<br>Nous serons uniquement responsables de la suppression, dans les meilleurs d\u00e9lais, des contenus susceptibles de causer de tels dommages, sous r\u00e9serve d&#039;en avoir \u00e9t\u00e9 inform\u00e9s. En particulier, nous d\u00e9clinons toute responsabilit\u00e9 pour les dommages pouvant r\u00e9sulter, entre autres, de\u00a0:<br>interf\u00e9rences, interruptions, pannes, omissions, pannes t\u00e9l\u00e9phoniques, retards, blocages ou d\u00e9connexions dans le fonctionnement du syst\u00e8me \u00e9lectronique, caus\u00e9s par des d\u00e9ficiences, des surcharges et des erreurs dans les lignes et r\u00e9seaux de t\u00e9l\u00e9communications, ou par toute autre cause ind\u00e9pendante de la volont\u00e9 de l&#039;entreprise.<br>intrusions ill\u00e9gitimes par l&#039;utilisation de programmes malveillants de tout type et par tout moyen de communication, tels que virus informatiques ou tout autre.<br>Abus indu ou inappropri\u00e9 de l&#039;Espace Web.<br>Erreurs de s\u00e9curit\u00e9 ou de navigation caus\u00e9es par un dysfonctionnement du navigateur ou par l&#039;utilisation de versions non mises \u00e0 jour de celui-ci. Les administrateurs de la soci\u00e9t\u00e9 se r\u00e9servent le droit de retirer, en tout ou partie, tout contenu ou information pr\u00e9sent sur l&#039;Espace Web.<br>La soci\u00e9t\u00e9 d\u00e9cline toute responsabilit\u00e9 pour les dommages, de toute nature, pouvant r\u00e9sulter d&#039;une mauvaise utilisation des services mis \u00e0 disposition gratuitement par les utilisateurs de l&#039;Espace Web. Elle d\u00e9cline \u00e9galement toute responsabilit\u00e9 quant au contenu et aux informations obtenus via les formulaires de collecte de donn\u00e9es, uniquement pour la fourniture de services de consultation et de consultation. En revanche, en cas de dommages r\u00e9sultant d&#039;une utilisation illicite ou incorrecte de ces services, l&#039;utilisateur pourra \u00eatre tenu responsable des dommages caus\u00e9s.<br>De m\u00eame, vous vous engagez \u00e0 indemniser contre tout dommage et perte d\u00e9coulant de votre utilisation de \u00ab robots \u00bb, \u00ab spiders \u00bb, \u00ab crawlers \u00bb ou outils similaires utilis\u00e9s dans le but de collecter ou d&#039;extraire des donn\u00e9es ou de toute autre action de votre part qui impose une charge d\u00e9raisonnable au fonctionnement de l&#039;Espace Web.<br>ENLLA\u00c7OS<br>L&#8217;Usuari s&#8217;obliga a no reproduir de cap mode, ni tan sols mitjan\u00e7ant un enlla\u00e7 o enlla\u00e7, l&#8217;Espai Web, aix\u00ed com cap dels seus continguts, excepte autoritzaci\u00f3 expressa i per escrit del responsable del fitxer.<br>L&#8217;Espai Web pot incloure enlla\u00e7os a altres espais web, gestionats per tercers, a fi de facilitar l&#8217;acc\u00e9s de l&#8217;Usuari a la informaci\u00f3 d&#8217;empreses col\u00b7laboradores i\/o patrocinadores. Conforme amb aix\u00f2, la societat no es responsabilitza del contingut d&#8217;aquests Espais web, ni se situa en una posici\u00f3 de garant ni\/o de part oferent dels serveis i\/o informaci\u00f3 que es puguin oferir a tercers a trav\u00e9s dels enlla\u00e7os de tercers.<br>Es concedeix a l&#8217;Usuari un dret limitat, revocable i no exclusiu a crear enlla\u00e7os a la p\u00e0gina principal de l&#8217;Espai Web exclusivament per a \u00fas privat i no comercial. Els Espais web que incloguin enlla\u00e7 al nostre Espai Web (i) no podran falsejar la seva relaci\u00f3 ni afirmar que s&#8217;ha autoritzat tal enlla\u00e7, ni incloure marques, denominacions, noms comercials, logotips o altres signes distintius de la nostra societat; (ii) no podran incloure continguts que puguin considerar-se de mal gust, obscens, ofensius, controvertits, que incitin a la viol\u00e8ncia o la discriminaci\u00f3 per ra\u00f3 de sexe, ra\u00e7a o religi\u00f3, contraris a l&#8217;ordre p\u00fablic o il\u00b7l\u00edcits; (iii) no podran enlla\u00e7ar a cap p\u00e0gina de l&#8217;Espai Web distinta de la p\u00e0gina principal; (iv) haur\u00e0 d&#8217;enlla\u00e7ar amb la pr\u00f2pia adre\u00e7a de l&#8217;Espai Web, sense permetre que l&#8217;Espai web que realitzi l&#8217;enlla\u00e7 reprodueixi l&#8217;Espai Web com a part del seu web o dins d&#8217;un dels seus \u201cframes\u201d o crear un \u201cbrowser\u201d sobre qualsevol de les p\u00e0gines de l&#8217;Espai Web. L&#8217;empresa podr\u00e0 sol\u00b7licitar, en qualsevol moment, que elimini qualsevol enlla\u00e7 a l&#8217;Espai Web, despr\u00e9s de la qual cosa haur\u00e0 de procedir immediatament a la seva eliminaci\u00f3.<br>L&#8217;empresa no pot controlar la informaci\u00f3, continguts, productes o serveis facilitats per altres Espais web que tinguin establerts enlla\u00e7os amb destinaci\u00f3 a l&#8217;Espai Web.<br>PROTECCI\u00d3 DE DADES<br>Per a utilitzar alguns dels Serveis, l&#8217;Usuari ha de proporcionar pr\u00e8viament unes certes dades de car\u00e0cter personal. L&#8217;empresa tractar\u00e0 automatitzadament aquestes dades i aplicar\u00e0 les corresponents mesures de seguretat, tot aix\u00f2 en compliment del RGPD. L&#8217;Usuari pot accedir a la pol\u00edtica seguida en el tractament de les dades personals aix\u00ed com l&#8217;establiment de les finalitats pr\u00e8viament establertes, al que es disposa en les condicions definides en la Pol\u00edtica de Privacitat.<br>COOKIES<br>L&#8217;empresa es reserva el dret d&#8217;utilitzar la tecnologia \u201ccookie\u201d en l&#8217;Espai Web, a fi de recon\u00e8ixer-lo com a Usuari freq\u00fcent i personalitzar l&#8217;\u00fas que realitzi de l&#8217;Espai Web mitjan\u00e7ant la preselecci\u00f3 del seu idioma, o continguts m\u00e9s desitjats o espec\u00edfics.<br>Les cookies recopilen l&#8217;adre\u00e7a IP de l&#8217;usuari sent Google el responsable del tractament d&#8217;aquesta informaci\u00f3.<br>Les cookies s\u00f3n fitxers enviats a un navegador, per mitj\u00e0 d&#8217;un servidor Web, per a registrar la navegaci\u00f3 de l&#8217;Usuari en l&#8217;Espai Web, quan l&#8217;Usuari permeti la seva recepci\u00f3. Si vost\u00e8 ho desitja pot configurar el seu navegador per a ser avisat en pantalla de la recepci\u00f3 de cookies i per a impedir la instal\u00b7laci\u00f3 de cookies en el seu disc dur. Si us plau consulti les instruccions i manuals del seu navegador per a ampliar aquesta informaci\u00f3.<br>Gr\u00e0cies a les cookies, resulta possible que es pugui recon\u00e8ixer el navegador de l&#8217;ordinador utilitzat per l&#8217;Usuari amb la finalitat de facilitar continguts i oferir les prefer\u00e8ncies de navegaci\u00f3 o publicit\u00e0ries que l&#8217;Usuari, als perfils demogr\u00e0fics dels Usuaris aix\u00ed com per a mesurar les visites i par\u00e0metres del tr\u00e0nsit, controlar el progr\u00e9s i nombre d&#8217;entrades.<br>DECLARACIONS I GARANTIES<br>En general, els continguts i serveis oferts en l&#8217;Espai Web tenen car\u00e0cter merament informatiu. Per conseg\u00fcent, en oferir-los, no s&#8217;atorga garantia ni cap declaraci\u00f3 en relaci\u00f3 amb els continguts i serveis oferts en l&#8217;Espai web, incloent, a t\u00edtol enunciatiu, garanties de licitud, fiabilitat, utilitat, veracitat, exactitud, o comerciabilitat, excepte en la mesura en qu\u00e8 per llei no puguin excloure&#8217;s tals declaracions i garanties.<br>FOR\u00c7A MAJOR<br>L&#8217;empresa no ser\u00e0 responsable en tot en cas d&#8217;impossibilitat de prestar servei, si aquesta es deu a interrupcions prolongades del subministrament el\u00e8ctric, l\u00ednies de telecomunicacions, conflictes socials, vagues, rebel\u00b7li\u00f3, explosions, inundacions, actes i omissions del Govern, i en general tots els sup\u00f2sits de for\u00e7a major o de cas fortu\u00eft.<br>RESOLUCI\u00d3 DE CONTROV\u00c8RSIES. LLEI APLICABLE I JURISDICCI\u00d3<br>Les presents Condicions Generals d&#8217;\u00das, aix\u00ed com l&#8217;\u00fas de l&#8217;Espai Web, es regiran per la legislaci\u00f3 espanyola.<br>En el cas que qualsevol estipulaci\u00f3 de les presents Condicions Generals d&#8217;\u00das result\u00e9s inexigible o nul\u00b7la en virtut de la legislaci\u00f3 aplicable o a conseq\u00fc\u00e8ncia d&#8217;una resoluci\u00f3 judicial o administrativa, aquesta inexigibilitat o nul\u00b7litat no far\u00e0 que les presents Condicions Generals d&#8217;\u00das resultin inexigibles o nul\u00b7les en el seu conjunt. En aquests casos, l&#8217;empresa procedir\u00e0 a la modificaci\u00f3 o substituci\u00f3 d&#8217;aquesta estipulaci\u00f3 per una altra que sigui v\u00e0lida i exigible i que, en la mesura que sigui possible, aconsegueixi l&#8217;objectiu i pretensi\u00f3 reflectits en l&#8217;estipulaci\u00f3 original.<\/p>\n<\/div>","protected":false},"excerpt":{"rendered":"<p>Av\u00eds legal Av\u00eds LegalLLEI DELS SERVEIS DE LA SOCIETAT DE LA INFORMACI\u00d3 (LSSI)ERIC AMAYA CALDAS , responsable del lloc web, d&#8217;ara endavant RESPONSABLE, posa a la disposici\u00f3 dels usuaris el present document, amb el qual pret\u00e9n donar compliment a les obligacions disposades en la Llei 34\/2002, d&#8217;11 de juliol, de Serveis de la Societat de &#8230; <a title=\"Mentions l\u00e9gales\" class=\"read-more\" href=\"https:\/\/arbori.net\/fr\/avis-legal\/\" aria-label=\"En savoir plus sur Av\u00eds legal\">Lire la suite<\/a><\/p>","protected":false},"author":1,"featured_media":0,"parent":0,"menu_order":0,"comment_status":"closed","ping_status":"closed","template":"","meta":{"_acf_changed":false,"footnotes":""},"class_list":["post-1018","page","type-page","status-publish"],"acf":[],"_links":{"self":[{"href":"https:\/\/arbori.net\/fr\/wp-json\/wp\/v2\/pages\/1018","targetHints":{"allow":["GET"]}}],"collection":[{"href":"https:\/\/arbori.net\/fr\/wp-json\/wp\/v2\/pages"}],"about":[{"href":"https:\/\/arbori.net\/fr\/wp-json\/wp\/v2\/types\/page"}],"author":[{"embeddable":true,"href":"https:\/\/arbori.net\/fr\/wp-json\/wp\/v2\/users\/1"}],"replies":[{"embeddable":true,"href":"https:\/\/arbori.net\/fr\/wp-json\/wp\/v2\/comments?post=1018"}],"version-history":[{"count":5,"href":"https:\/\/arbori.net\/fr\/wp-json\/wp\/v2\/pages\/1018\/revisions"}],"predecessor-version":[{"id":1365,"href":"https:\/\/arbori.net\/fr\/wp-json\/wp\/v2\/pages\/1018\/revisions\/1365"}],"wp:attachment":[{"href":"https:\/\/arbori.net\/fr\/wp-json\/wp\/v2\/media?parent=1018"}],"curies":[{"name":"wp","href":"https:\/\/api.w.org\/{rel}","templated":true}]}}