{"id":8,"date":"2025-07-11T09:28:02","date_gmt":"2025-07-11T09:28:02","guid":{"rendered":"https:\/\/arbori.cat\/?page_id=8"},"modified":"2026-02-24T11:14:33","modified_gmt":"2026-02-24T11:14:33","slug":"inici","status":"publish","type":"page","link":"https:\/\/arbori.net\/fr\/","title":{"rendered":"Maison"},"content":{"rendered":"<div class=\"gb-element-7082ce22 alignfull\">\n<div class=\"gb-element-668672ad\" style=\"--inline-bg-image: url(https:\/\/arbori.net\/wp-content\/uploads\/2025\/12\/DSC2765.jpg)\"><\/div>\n\n\n\n<div class=\"gb-element-b57740b0\">\n<h1 class=\"gb-text titols\">Arbres et for\u00eats<\/h1>\n<\/div>\n<\/div>\n\n\n\n<div class=\"gb-element-a17c0fd8\">\n<div class=\"gb-element-68c2efdc\">\n<img loading=\"lazy\" decoding=\"async\" width=\"766\" height=\"483\" class=\"gb-media-0c263e89\" alt=\"\" src=\"https:\/\/arbori.net\/wp-content\/uploads\/2025\/09\/arbori_icones_arbres-02.svg\" title=\"arbori_icons_arbres-02\"\/>\n<\/div>\n\n\n\n<div class=\"gb-element-4a19e923\">\n<h3 class=\"gb-text titol_2\">SERVICES D&#039;ARBORICULTURE ET<br>TRAVAUX FORESTIERS<\/h3>\n\n\n\n<p class=\"gb-text gb-text-a2126f7e\">\u00c9lagage des arbres<br>Sp\u00e9cialistes de l&#039;\u00e9lagage en hauteur et de l&#039;abattage contr\u00f4l\u00e9<br>Supports artificiels d&#039;arbres<br>\u00c9limination s\u00e9curitaire des arbres dangereux<br>Enl\u00e8vement d&#039;urgence des arbres tomb\u00e9s<br>Gestion des ravageurs et des maladies<br>Nettoyage et gestion durable des for\u00eats et des propri\u00e9t\u00e9s rurales<br>Conservation de la microfaune<br>Abattage s\u00e9lectif des arbres<\/p>\n<\/div>\n<\/div>\n\n\n\n<div class=\"gb-element-2ca5ede6\" id=\"serveis\">\n<a class=\"gb-element-1b1d4e59 link_banner\" style=\"--inline-bg-image: url(https:\/\/arbori.net\/wp-content\/uploads\/2025\/07\/getty-images-wW5MEobsNSg-unsplash.jpg)\" href=\"https:\/\/arbori.net\/fr\/servei\/poda-de-arboles\/\">\n<div class=\"gb-element-6bc44fab\">\n<h4 class=\"gb-text gb-text-b63e6e72\">\u00c9LAGAGE DES ARBRES<br><\/h4>\n<\/div>\n<\/a>\n\n\n\n<a class=\"gb-element-0ef7315b link_banner\" style=\"--inline-bg-image: url(https:\/\/arbori.net\/wp-content\/uploads\/2025\/07\/getty-images-wW5MEobsNSg-unsplash.jpg)\" href=\"https:\/\/arbori.net\/fr\/servei\/arboricultura\/\">\n<div class=\"gb-element-f1480a3d\">\n<h4 class=\"gb-text gb-text-740a0317\">ARBORICULTURA<br><\/h4>\n<\/div>\n<\/a>\n\n\n\n<a class=\"gb-element-6f5f46f7 link_banner\" style=\"--inline-bg-image: url(https:\/\/arbori.net\/wp-content\/uploads\/2025\/07\/getty-images-wW5MEobsNSg-unsplash.jpg)\" href=\"https:\/\/arbori.net\/fr\/servei\/gestio-forestal\/\">\n<div class=\"gb-element-37dfaf69\">\n<h4 class=\"gb-text gb-text-863fab30\">FOR\u00caTS<br><\/h4>\n<\/div>\n<\/a>\n<\/div>\n\n\n\n\n\n<div class=\"gb-element-3826d755\">\n<div class=\"gb-element-506ff4ff\">\n<h4 class=\"gb-text\">\u00c9valuation de l&#039;\u00e9tat des arbres<\/h4>\n\n\n\n<p>Nous effectuons des inspections approfondies pour \u00e9valuer l&#039;\u00e9tat de sant\u00e9 de chaque arbre, sa stabilit\u00e9 et les risques potentiels. Si le client le souhaite, nous r\u00e9digeons des rapports expliquant les travaux effectu\u00e9s ou d\u00e9tectant les probl\u00e8mes, accompagn\u00e9s de recommandations claires sur la marche \u00e0 suivre.<br><\/p>\n\n\n\n<h4 class=\"gb-text\">Am\u00e9lioration du sol et des racines<\/h4>\n\n\n\n<p>La sant\u00e9 de l&#039;arbre commence sous terre. C&#039;est pourquoi nous utilisons des techniques telles que le d\u00e9compactage et l&#039;a\u00e9ration du sol, le nettoyage des racines et l&#039;application de mycorhizes, de trichodermas et de mati\u00e8re organique pour renforcer les racines et mieux absorber les nutriments.<\/p>\n\n\n\n<h4 class=\"gb-text\">Pr\u00e9vention et contr\u00f4le des ravageurs et des maladies<\/h4>\n\n\n\n<p>Chaque cas est diff\u00e9rent. Nous pouvons r\u00e9aliser des traitements phytosanitaires autoris\u00e9s ou appliquer des solutions \u00e9cologiques comme la lutte biologique. Nous nous effor\u00e7ons toujours d&#039;agir avant que le probl\u00e8me ne s&#039;aggrave.<\/p>\n\n\n\n<h4 class=\"gb-text\">Taille en hauteur<\/h4>\n\n\n\n<p>Nous travaillons avec des techniques de corde, sans machinerie lourde. Nous pouvons effectuer des tailles de s\u00e9curit\u00e9, nettoyer les branches s\u00e8ches ou malades, tailler la couronne ponctuellement ou \u00e9viter qu&#039;elle ne touche les maisons, les c\u00e2bles ou les limites de la parcelle. Chaque taille est r\u00e9alis\u00e9e selon des crit\u00e8res techniques et dans le souci de pr\u00e9server l&#039;arbre.<\/p>\n\n\n\n<h4 class=\"gb-text\">Abattage contr\u00f4l\u00e9 en toute s\u00e9curit\u00e9<\/h4>\n\n\n\n<p>Lorsqu&#039;il n&#039;y a pas d&#039;autre solution (risque ou d\u00e9t\u00e9rioration grave), nous abattons l&#039;arbre de mani\u00e8re contr\u00f4l\u00e9e et s\u00e9curis\u00e9e, par sections si n\u00e9cessaire. Toujours avec l&#039;autorisation de la mairie et sur justification.<\/p>\n<\/div>\n\n\n\n<div class=\"gb-element-2df496d9\">\n<div class=\"gb-element-25cda70c\">\n<h3 class=\"gb-text gb-text-877afc00 titol_2\">M\u00e9thodologie<br>travail<\/h3>\n\n\n\n<img loading=\"lazy\" decoding=\"async\" width=\"170\" height=\"59\" class=\"gb-media-bbf6d3cb\" alt=\"\" src=\"https:\/\/arbori.net\/wp-content\/uploads\/2025\/08\/fletxa_corva_avall.svg\" title=\"fl\u00e8che_courb\u00e9e_vers_le_bas\"\/>\n<\/div>\n\n\n\n<img loading=\"lazy\" decoding=\"async\" width=\"216\" height=\"466\" class=\"gb-media-f4fa66f5\" alt=\"\" src=\"https:\/\/arbori.net\/wp-content\/uploads\/2025\/09\/arbori_icones_arbres-01.svg\" title=\"arbori_icons_arbres-01\"\/>\n<\/div>\n<\/div>","protected":false},"excerpt":{"rendered":"<p>Arbres i Boscos SERVEIS D\u2019ARBORICULTURA ITREBALLS FORESTALS Poda d\u2019arbresEspecialistes en poda d\u2019al\u00e7ada i tales controladesSustentacions artificials d\u2019arbresEliminaci\u00f3 segura d\u2019arbres perillososRetirada d\u2019urg\u00e8ncia d\u2019arbres caigutsGesti\u00f3 de plagues i malaltiesNeteja i Gesti\u00f3 sostenible de boscos i finques r\u00fastiquesConservaci\u00f3 de microfaunaTala selectiva d\u2019arbres PODA D&#8217;ARBRES ARBORICULTURA BOSCOS Ens dediquem a cuidar els arbres de manera professional, tant en zones &#8230; <a title=\"Maison\" class=\"read-more\" href=\"https:\/\/arbori.net\/fr\/\" aria-label=\"En savoir plus sur Inici\">Lire la suite<\/a><\/p>","protected":false},"author":1,"featured_media":0,"parent":0,"menu_order":0,"comment_status":"closed","ping_status":"closed","template":"","meta":{"_acf_changed":false,"footnotes":""},"class_list":["post-8","page","type-page","status-publish"],"acf":[],"_links":{"self":[{"href":"https:\/\/arbori.net\/fr\/wp-json\/wp\/v2\/pages\/8","targetHints":{"allow":["GET"]}}],"collection":[{"href":"https:\/\/arbori.net\/fr\/wp-json\/wp\/v2\/pages"}],"about":[{"href":"https:\/\/arbori.net\/fr\/wp-json\/wp\/v2\/types\/page"}],"author":[{"embeddable":true,"href":"https:\/\/arbori.net\/fr\/wp-json\/wp\/v2\/users\/1"}],"replies":[{"embeddable":true,"href":"https:\/\/arbori.net\/fr\/wp-json\/wp\/v2\/comments?post=8"}],"version-history":[{"count":309,"href":"https:\/\/arbori.net\/fr\/wp-json\/wp\/v2\/pages\/8\/revisions"}],"predecessor-version":[{"id":1639,"href":"https:\/\/arbori.net\/fr\/wp-json\/wp\/v2\/pages\/8\/revisions\/1639"}],"wp:attachment":[{"href":"https:\/\/arbori.net\/fr\/wp-json\/wp\/v2\/media?parent=8"}],"curies":[{"name":"wp","href":"https:\/\/api.w.org\/{rel}","templated":true}]}}