{"id":863,"date":"2025-08-13T05:51:21","date_gmt":"2025-08-13T05:51:21","guid":{"rendered":"https:\/\/arbori.tandem.ws\/?page_id=863"},"modified":"2026-02-10T09:51:38","modified_gmt":"2026-02-10T09:51:38","slug":"entreprise","status":"publish","type":"page","link":"https:\/\/arbori.net\/fr\/empresa\/","title":{"rendered":"Entreprise"},"content":{"rendered":"<div class=\"gb-element-24e66b1e\">\n<div class=\"gb-element-394d09e6\">\n<div class=\"gb-element-84532ebd\" style=\"--inline-bg-image: url(https:\/\/arbori.net\/wp-content\/uploads\/2025\/12\/DSC0578.jpg)\"><\/div>\n<\/div>\n\n\n\n<div class=\"gb-element-8e23a280\">\n<img loading=\"lazy\" decoding=\"async\" width=\"170\" height=\"59\" class=\"gb-media-21927fa6\" alt=\"\" src=\"https:\/\/arbori.net\/wp-content\/uploads\/2025\/08\/fletxa_corva.svg\" title=\"fl\u00e8che_courb\u00e9e\"\/>\n\n\n\n<h1 class=\"gb-text gb-text-e914b71e titol_2\">enric amaya<\/h1>\n\n\n\n<p class=\"gb-text gb-text-a583ed9c translation-block\">Ma passion pour l'arboriculture nouvelle \u00e0 l'enfance. En m'ayant cr\u00e9\u00e9 dans un entorn rural, des jeunes, il a r\u00e9alis\u00e9 des t\u00e2ches d'entretien au bois dans la maison familiale situ\u00e9e, avec des fines de d\u00e9broussaillement, de grands arbres ou de production de llenya.<br>\n<br>\nCe contact avec la nature sans nom va permettre de d\u00e9velopper vos premi\u00e8res capacit\u00e9s, mais aussi une sensibilit\u00e9 profonde et le respect du milieu naturel.<br>\n<br>\nEn un rien de temps, vous pourrez transformer cette passion en ma vie gr\u00e2ce \u00e0 la formation d'une jardinerie, d'un r\u00e9seau forestier et d'un entretien de parcs et de zones vertes.<br>\n<br>\nDe plus, gr\u00e2ce \u00e0 diverses formations certifi\u00e9es par l'Associaci\u00f3 Espanyola d'Arboricultura (AEA), il peut continuer \u00e0 me sp\u00e9cialiser, orientant l'activit\u00e9 de l'arboriculture: formant-moi avec un certificat grimpeur et combinant des for\u00eats foresti\u00e8res avec un processus continu de sp\u00e9cialisation.<br>\n<br>\nL'implication dans chaque projet de cette forme, la capacit\u00e9 de m'affronter avec les r\u00e9ponses \u00e0 l'action r\u00e9solue, je l'ai pour objectif de faire la f\u00eate avec la plus haute qualit\u00e9 possible, comme une partie de mes valeurs.<br>\n<br>\nDe fa gaireb\u00e9 tres anys, il a constitu\u00e9 ma propre entreprise, envoy\u00e9 capable d'aborder de petites interventions avec des projets de grande envergure, avec une vision int\u00e9grale de l'arbre, le salut et son entourage, offrant \u00e0 mes clients un ampli ventall de serveis.<\/p>\n<\/div>\n<\/div>\n\n\n\n<div class=\"gb-element-8e270445\">\n<div class=\"gb-element-6a803924\">\n<h3 class=\"gb-text gb-text-afc70855\">Entra\u00eenement<\/h3>\n\n\n\n<p class=\"gb-text gb-text-c45df99d translation-block\">\u2014 Jardineria i manteniment de parcs i zones verdes<br>\u2014 Iniciaci\u00f3 a la Trepa (Certificat per l\u2019AEA)<br>\u2014 Enfilada Avan\u00e7ada (Certificat per l\u2019AEA)<br>\u2014 Despla\u00e7aments als arbres (Certificat per l\u2019AEA)<br>\u2014 Poda per a Jardiners des de la Perspectiva de l\u2019Arboricultura<br>\u2014 Rescat a Arboricultura (Certificat per l'AEA)<br>\u2014 Tala Controlada per Seccions (Certificat per l'AEA)<br>\u2014 Curs de preparaci\u00f3 per al Certificat Europeu de Motoserrista \u2013 ECC1 i ECC2<br>\u2014 Motoserra a Emergencys<br>\u2014 Identificaci\u00f3 d'esp\u00e8cies d'arbres<br>\u2014 Curs B\u00e0sic de Treballs Verticales (certificat valide en territoire espagnol)<br>\u2014 Certificat de Prevenci\u00f3 de Riscos Laborals G\u00e9n\u00e9rique 60h (15-01-2024)<\/p>\n<\/div>\n\n\n\n<div class=\"gb-element-5affc2fd\">\n<h3 class=\"gb-text gb-text-7b1e37d3\">Services<\/h3>\n\n\n\n<p class=\"gb-text gb-text-052d3d2c translation-block\">\u2014 \u00c9lagage en hauteur\u00a0: Utilisation de techniques avanc\u00e9es de gestion arboricole, en privil\u00e9giant la sant\u00e9 des arbres et la s\u00e9curit\u00e9 environnementale. \u2014 Contr\u00f4les\u00a0: Application de m\u00e9thodes s\u00fbres pour \u00e9viter d\u2019endommager les infrastructures ou les espaces naturels. \u2014 Gestion des escarpements\u00a0: \u00c9valuation continue de la stabilit\u00e9 et de la s\u00e9curit\u00e9 des arbres sur les escarpements. \u2014 Interventions d\u2019urgence\u00a0: Abattage s\u00e9curitaire des arbres en situation critique ou apr\u00e8s un incident. \u2014 Gestion des ravageurs et des maladies\u00a0: Identification des pathologies courantes, application de traitements et de pratiques appropri\u00e9s pour renforcer la sant\u00e9 des arbres. \u2014 \u00c9valuation de l\u2019\u00e9tat de l\u2019arbre\u00a0: Inspections pour diagnostiquer l\u2019\u00e9tat g\u00e9n\u00e9ral et d\u00e9terminer la meilleure intervention.<\/p>\n<\/div>\n<\/div>\n\n\n\n<div class=\"gb-element-d8fac7f6\">\n<div>\n<p class=\"gb-text gb-text-c1739d4d translation-block\">Despr\u00e9s d\u2019aquests anys, en moments puntuals he tingut l\u2019oportunitat de coordinar equips en projectes que requereixen m\u00e9s personal, siguin arboristes formats o ajudants per a tasques de suport, per la qual cosa em sento preparat per afrontar projectes de m\u00e9s envergadura: des d\u2019intervencions d\u2019un o m\u00e9s dies fins a feines que es prolonguin durant setmanes o mesos.<br><br>El meu objectiu \u00e9s continuar consolidant i professionalitzant la meva activitat, construint una base s\u00f2lida que em permeti assumir feines m\u00e9s grans i estables, incorporant personal de manera permanent, amb l\u2019objectiu de continuar creixent sense perdre la qualitat en els serveis que presto: mantenint sempre el comprom\u00eds amb l\u2019excel\u00b7l\u00e8ncia, la sostenibilitat i el respecte pels arbres i l\u2019entorn.<\/p>\n<\/div>\n\n\n\n<div>\n<p class=\"gb-text gb-text-9d4d5d2f\">Pour poursuivre cette croissance, je consid\u00e8re qu&#039;il est essentiel de cr\u00e9er des synergies avec des entreprises partageant les m\u00eames valeurs, comme New Ape, en \u00e9tablissant des relations de collaboration stables, transparentes et mutuellement b\u00e9n\u00e9fiques, qui nous permettent d&#039;aborder de nouveaux projets, d&#039;am\u00e9liorer notre efficacit\u00e9 et d&#039;offrir un service encore plus complet et sp\u00e9cialis\u00e9. Je suis convaincu qu&#039;une croissance commune, fond\u00e9e sur la confiance et des objectifs communs, est essentielle pour b\u00e2tir un avenir professionnel solide, prosp\u00e8re et durable pour toutes les parties prenantes.<br><\/p>\n<\/div>\n<\/div>","protected":false},"excerpt":{"rendered":"<p>enric amaya La meva passi\u00f3 pel m\u00f3n de l&#8217;arboricultura neix a la inf\u00e0ncia. En haver-me criat en un entorn rural, des de jove, he realitzat tasques de manteniment al bosc on estava situada la casa familiar, fent feines de desbrossament, tall d&#8217;arbres o producci\u00f3 de llenya. Aquest contacte diari amb la natura no nom\u00e9s em &#8230; <a title=\"Entreprise\" class=\"read-more\" href=\"https:\/\/arbori.net\/fr\/empresa\/\" aria-label=\"En savoir plus sur Empresa\">Lire la suite<\/a><\/p>","protected":false},"author":1,"featured_media":0,"parent":0,"menu_order":0,"comment_status":"closed","ping_status":"closed","template":"","meta":{"_acf_changed":false,"footnotes":""},"class_list":["post-863","page","type-page","status-publish"],"acf":[],"_links":{"self":[{"href":"https:\/\/arbori.net\/fr\/wp-json\/wp\/v2\/pages\/863","targetHints":{"allow":["GET"]}}],"collection":[{"href":"https:\/\/arbori.net\/fr\/wp-json\/wp\/v2\/pages"}],"about":[{"href":"https:\/\/arbori.net\/fr\/wp-json\/wp\/v2\/types\/page"}],"author":[{"embeddable":true,"href":"https:\/\/arbori.net\/fr\/wp-json\/wp\/v2\/users\/1"}],"replies":[{"embeddable":true,"href":"https:\/\/arbori.net\/fr\/wp-json\/wp\/v2\/comments?post=863"}],"version-history":[{"count":65,"href":"https:\/\/arbori.net\/fr\/wp-json\/wp\/v2\/pages\/863\/revisions"}],"predecessor-version":[{"id":1610,"href":"https:\/\/arbori.net\/fr\/wp-json\/wp\/v2\/pages\/863\/revisions\/1610"}],"wp:attachment":[{"href":"https:\/\/arbori.net\/fr\/wp-json\/wp\/v2\/media?parent=863"}],"curies":[{"name":"wp","href":"https:\/\/api.w.org\/{rel}","templated":true}]}}