{"id":930,"date":"2025-08-14T05:00:12","date_gmt":"2025-08-14T05:00:12","guid":{"rendered":"https:\/\/arbori.tandem.ws\/?page_id=930"},"modified":"2025-09-24T11:08:25","modified_gmt":"2025-09-24T11:08:25","slug":"projets","status":"publish","type":"page","link":"https:\/\/arbori.net\/fr\/projectes\/","title":{"rendered":"Projets"},"content":{"rendered":"<div class=\"gb-element-1d0b177d\">\n<div class=\"gb-element-482bc858\">\n<div class=\"gb-element-5acc88ec\" style=\"--inline-bg-image: url(https:\/\/arbori.net\/wp-content\/uploads\/2025\/08\/getty-images-xv5XMJLYnn8-unsplash-scaled.jpg)\"><\/div>\n<\/div>\n\n\n\n<div class=\"gb-element-4e0013bd\">\n<h1 class=\"gb-text gb-text-0a0206f6 titol_2\">Ecz\u00e9ma<mark style=\"background-color:rgba(0, 0, 0, 0)\" class=\"has-inline-color has-contrast-color\">p<\/mark>ceux de <br>Pro<mark style=\"background-color:rgba(0, 0, 0, 0)\" class=\"has-inline-color has-contrast-color\">j<\/mark>foi<mark style=\"background-color:rgba(0, 0, 0, 0)\" class=\"has-inline-color has-contrast-color\">t<\/mark>Oui!<\/h1>\n\n\n\n<p class=\"gb-text gb-text-96895a06\">Nous faisons cela depuis des ann\u00e9es <strong>projets d&#039;arboriculture durable<\/strong> dans toute la Catalogne, avec une approche bas\u00e9e sur <strong>gestion responsable des arbres<\/strong>.<br><br>Chaque espace vert a une fonction dans le paysage. C&#039;est pourquoi nos projets d&#039;arboriculture allient savoir-faire technique, respect de l&#039;environnement naturel et vision durable du territoire.<\/p>\n\n\n\n<h6 class=\"gb-text gb-text-d10e06ae\">\u2013 Interventions d\u2019\u00e9lagage et gestion des risques<br>\u2013 Diagnostic et traitements phytosanitaires<br>\u2013 Plantations d\u2019arbres et plans de renouvellement<br>\u2013 Conseils techniques et \u00e9tudes de sant\u00e9 des arbres<br>\u2013 R\u00e9cup\u00e9ration d\u2019arbres et d\u2019espaces naturels uniques<\/h6>\n\n\n\n<p><br><\/p>\n<\/div>\n<\/div>\n\n\n\n<div class=\"gb-element-d7c31321\">\n<div>\n\n\n<div class=\"gb-element-edbe926f gb-query-loop-pagination\">\n\n\n\n<\/div>\n\n\n\n\n<p class=\"gb-text\">No s&#8217;ha trobat cap resultat.<\/p>\n\n<\/div>\n<\/div>","protected":false},"excerpt":{"rendered":"<p>Exemples de Projectes fets! Portem anys realitzant projectes d&#8217;arboricultura sostenible arreu de Catalunya, amb un enfocament basat en la gesti\u00f3 responsable dels arbres. Cada espai verd t\u00e9 una funci\u00f3 dins el paisatge. \u00c9s per aix\u00f2 que els nostres projectes d\u2019arboricultura combinen coneixement t\u00e8cnic, respecte pel medi natural i una visi\u00f3 sostenible del territori. &#8211; Intervencions &#8230; <a title=\"Projets\" class=\"read-more\" href=\"https:\/\/arbori.net\/fr\/projectes\/\" aria-label=\"En savoir plus sur Projectes\">Lire la suite<\/a><\/p>","protected":false},"author":1,"featured_media":0,"parent":0,"menu_order":0,"comment_status":"closed","ping_status":"closed","template":"","meta":{"_acf_changed":false,"footnotes":""},"class_list":["post-930","page","type-page","status-publish"],"acf":[],"_links":{"self":[{"href":"https:\/\/arbori.net\/fr\/wp-json\/wp\/v2\/pages\/930","targetHints":{"allow":["GET"]}}],"collection":[{"href":"https:\/\/arbori.net\/fr\/wp-json\/wp\/v2\/pages"}],"about":[{"href":"https:\/\/arbori.net\/fr\/wp-json\/wp\/v2\/types\/page"}],"author":[{"embeddable":true,"href":"https:\/\/arbori.net\/fr\/wp-json\/wp\/v2\/users\/1"}],"replies":[{"embeddable":true,"href":"https:\/\/arbori.net\/fr\/wp-json\/wp\/v2\/comments?post=930"}],"version-history":[{"count":60,"href":"https:\/\/arbori.net\/fr\/wp-json\/wp\/v2\/pages\/930\/revisions"}],"predecessor-version":[{"id":1298,"href":"https:\/\/arbori.net\/fr\/wp-json\/wp\/v2\/pages\/930\/revisions\/1298"}],"wp:attachment":[{"href":"https:\/\/arbori.net\/fr\/wp-json\/wp\/v2\/media?parent=930"}],"curies":[{"name":"wp","href":"https:\/\/api.w.org\/{rel}","templated":true}]}}